{"id":32478,"date":"2024-08-05T18:34:41","date_gmt":"2024-08-05T16:34:41","guid":{"rendered":"https:\/\/sereniorizzonti.it\/?page_id=32478"},"modified":"2024-10-01T19:10:55","modified_gmt":"2024-10-01T17:10:55","slug":"work-on-time","status":"publish","type":"page","link":"https:\/\/sereniorizzonti.it\/it\/work-on-time\/","title":{"rendered":"Work On Time"},"content":{"rendered":"\t\t<div data-elementor-type=\"wp-page\" data-elementor-id=\"32478\" class=\"elementor elementor-32478\" data-elementor-post-type=\"page\">\n\t\t\t\t\t\t<section data-particle_enable=\"false\" data-particle-mobile-disabled=\"false\" class=\"elementor-section elementor-top-section elementor-element elementor-element-b52d1bc elementor-section-content-bottom elementor-section-boxed elementor-section-height-default elementor-section-height-default\" data-id=\"b52d1bc\" data-element_type=\"section\" data-settings=\"{&quot;background_background&quot;:&quot;classic&quot;}\">\n\t\t\t\t\t\t\t<div class=\"elementor-background-overlay\"><\/div>\n\t\t\t\t\t\t\t<div class=\"elementor-container elementor-column-gap-custom\">\n\t\t\t\t\t<div class=\"elementor-column elementor-col-100 elementor-top-column elementor-element elementor-element-415e6ef elementor-invisible\" data-id=\"415e6ef\" data-element_type=\"column\" data-settings=\"{&quot;animation&quot;:&quot;fadeIn&quot;}\">\n\t\t\t<div class=\"elementor-widget-wrap elementor-element-populated\">\n\t\t\t\t\t\t<section data-particle_enable=\"false\" data-particle-mobile-disabled=\"false\" class=\"elementor-section elementor-inner-section elementor-element elementor-element-d9c4fe5 elementor-section-boxed elementor-section-height-default elementor-section-height-default\" data-id=\"d9c4fe5\" data-element_type=\"section\">\n\t\t\t\t\t\t<div class=\"elementor-container elementor-column-gap-default\">\n\t\t\t\t\t<div class=\"elementor-column elementor-col-100 elementor-inner-column elementor-element elementor-element-244cf97\" data-id=\"244cf97\" data-element_type=\"column\">\n\t\t\t<div class=\"elementor-widget-wrap elementor-element-populated\">\n\t\t\t\t\t\t<div class=\"elementor-element elementor-element-11a749d elementor-widget elementor-widget-text-editor\" data-id=\"11a749d\" data-element_type=\"widget\" data-widget_type=\"text-editor.default\">\n\t\t\t\t<div class=\"elementor-widget-container\">\n\t\t\t\t\t\t\t\t\t<p>Work On Time<\/p>\t\t\t\t\t\t\t\t<\/div>\n\t\t\t\t<\/div>\n\t\t\t\t<div class=\"elementor-element elementor-element-9291f13 elementor-widget elementor-widget-text-editor\" data-id=\"9291f13\" data-element_type=\"widget\" data-widget_type=\"text-editor.default\">\n\t\t\t\t<div class=\"elementor-widget-container\">\n\t\t\t\t\t\t\t\t\t<p>Work On Time \u00e8 la prima e unica agenzia per il lavoro generalista con sede legale in Friuli Venezia-Giulia. Fondata nel 2019, \u00e8 una delle societ\u00e0 controllate da S.O. Holding S.p.a.<\/p><p>Work on Time Spa \u00e8 abilitata alla somministrazione di lavoro, alla ricerca e selezione del personale, all\u2019outsourcing e al supporto necessario in casi di ricollocazione. La societ\u00e0 udinese sceglie un approccio orientato verso la sostenibilit\u00e0 sociale d\u2019impresa, offrendo trasparenza, sicurezza, rispetto delle normative e valorizzazione dei lavoratori.<\/p><p>L\u2019importanza del job matching tra aziende e lavoratori, praticato da Work On Time, \u00e8 diventato sempre pi\u00f9 un aspetto fondamentale. Dal mondo industriale che cerca lavoratori qualificati al mondo della ristorazione alla sanit\u00e0, il reperimento di figure specializzate e la gestione flessibile degli organici contribuiscono in modo rilevante alla competitivit\u00e0 delle aziende.<\/p><p>Ad oggi conta 14 filiali dislocate su gran parte del territorio italiano: oltre alla filiale di Udine, Pordenone e Codroipo, sono operative le filiali di Sesto San Giovanni, Monza-Brianza, Catania e Sicilia Orientale, Montebelluna, Piacenza, Torino, Pesaro, Fano, Rimini e Bologna.<\/p><p>Le ultime filiali attive, nel settembre 2024, sono quelle di Lamezia Terme in Calabria, Pieve di Soligo in Veneto e Lucca in Toscana.<\/p><p>La crescita negli anni 2021, 2022 e 2023 \u00e8 sempre stata double digit. In particolare, Work On Time \u00e8 cresciuta nel 2023 del 28% rispetto al 2022. Work On Time punta a crescere nel prossimo triennio su tutto il territorio nazionale con il raddoppio delle filiali, generando nuova occupazione grazie a un\u2019azienda giovane, competitiva e dinamica. \u00a0<\/p><p>Consulta il sito Work On Time: <a style=\"color: red;\" href=\"https:\/\/www.work-ontime.it\/\" target=\"_blank\" rel=\"noopener\">https:\/\/www.work-ontime.it\/<\/a><\/p>\t\t\t\t\t\t\t\t<\/div>\n\t\t\t\t<\/div>\n\t\t\t\t<div class=\"elementor-element elementor-element-f7f9136 elementor-widget elementor-widget-image\" data-id=\"f7f9136\" data-element_type=\"widget\" data-widget_type=\"image.default\">\n\t\t\t\t<div class=\"elementor-widget-container\">\n\t\t\t\t\t\t\t\t\t\t\t\t\t\t\t<img fetchpriority=\"high\" decoding=\"async\" width=\"1920\" height=\"1080\" src=\"https:\/\/sereniorizzonti.it\/wp-content\/uploads\/2024\/09\/WorkOnTime.png\" class=\"attachment-full size-full wp-image-34358\" alt=\"\" srcset=\"https:\/\/sereniorizzonti.it\/wp-content\/uploads\/2024\/09\/WorkOnTime.png 1920w, https:\/\/sereniorizzonti.it\/wp-content\/uploads\/2024\/09\/WorkOnTime-300x169.png 300w, https:\/\/sereniorizzonti.it\/wp-content\/uploads\/2024\/09\/WorkOnTime-1024x576.png 1024w, https:\/\/sereniorizzonti.it\/wp-content\/uploads\/2024\/09\/WorkOnTime-768x432.png 768w, https:\/\/sereniorizzonti.it\/wp-content\/uploads\/2024\/09\/WorkOnTime-1536x864.png 1536w, https:\/\/sereniorizzonti.it\/wp-content\/uploads\/2024\/09\/WorkOnTime-18x10.png 18w\" sizes=\"(max-width: 1920px) 100vw, 1920px\" \/>\t\t\t\t\t\t\t\t\t\t\t\t\t\t\t<\/div>\n\t\t\t\t<\/div>\n\t\t\t\t\t<\/div>\n\t\t<\/div>\n\t\t\t\t\t<\/div>\n\t\t<\/section>\n\t\t\t\t\t<\/div>\n\t\t<\/div>\n\t\t\t\t\t<\/div>\n\t\t<\/section>\n\t\t\t\t<section data-particle_enable=\"false\" data-particle-mobile-disabled=\"false\" class=\"elementor-section elementor-top-section elementor-element elementor-element-b84f09b elementor-section-content-middle elementor-section-full_width elementor-section-height-default elementor-section-height-default\" data-id=\"b84f09b\" data-element_type=\"section\" data-settings=\"{&quot;background_background&quot;:&quot;classic&quot;}\">\n\t\t\t\t\t\t\t<div class=\"elementor-background-overlay\"><\/div>\n\t\t\t\t\t\t\t<div class=\"elementor-container elementor-column-gap-custom\">\n\t\t\t\t\t<div class=\"elementor-column elementor-col-100 elementor-top-column elementor-element elementor-element-fa8d930\" data-id=\"fa8d930\" data-element_type=\"column\">\n\t\t\t<div class=\"elementor-widget-wrap elementor-element-populated\">\n\t\t\t\t\t\t<section data-particle_enable=\"false\" data-particle-mobile-disabled=\"false\" class=\"elementor-section elementor-inner-section elementor-element elementor-element-f84b637 elementor-section-full_width elementor-section-height-min-height elementor-section-height-default elementor-invisible\" data-id=\"f84b637\" data-element_type=\"section\" data-settings=\"{&quot;animation&quot;:&quot;fadeIn&quot;,&quot;background_background&quot;:&quot;classic&quot;}\">\n\t\t\t\t\t\t<div class=\"elementor-container elementor-column-gap-no\">\n\t\t\t\t\t<div class=\"elementor-column elementor-col-100 elementor-inner-column elementor-element elementor-element-cdf8cd9\" data-id=\"cdf8cd9\" data-element_type=\"column\">\n\t\t\t<div class=\"elementor-widget-wrap\">\n\t\t\t\t\t\t\t<\/div>\n\t\t<\/div>\n\t\t\t\t\t<\/div>\n\t\t<\/section>\n\t\t\t\t\t<\/div>\n\t\t<\/div>\n\t\t\t\t\t<\/div>\n\t\t<\/section>\n\t\t\t\t<\/div>\n\t\t","protected":false},"excerpt":{"rendered":"<p>Work On Time Work On Time \u00e8 la prima e unica agenzia per il lavoro generalista con sede legale in Friuli Venezia-Giulia. Fondata nel 2019, \u00e8 una delle societ\u00e0 controllate da S.O. Holding S.p.a. Work on Time Spa \u00e8 abilitata alla somministrazione di lavoro, alla ricerca e selezione del personale, all\u2019outsourcing e al supporto necessario [&hellip;]<\/p>\n","protected":false},"author":1,"featured_media":0,"parent":0,"menu_order":0,"comment_status":"closed","ping_status":"closed","template":"page-templates\/template-full-width-page-without-header-title.php","meta":{"_acf_changed":false,"footnotes":""},"class_list":["post-32478","page","type-page","status-publish","hentry"],"acf":[],"_links":{"self":[{"href":"https:\/\/sereniorizzonti.it\/it\/wp-json\/wp\/v2\/pages\/32478","targetHints":{"allow":["GET"]}}],"collection":[{"href":"https:\/\/sereniorizzonti.it\/it\/wp-json\/wp\/v2\/pages"}],"about":[{"href":"https:\/\/sereniorizzonti.it\/it\/wp-json\/wp\/v2\/types\/page"}],"author":[{"embeddable":true,"href":"https:\/\/sereniorizzonti.it\/it\/wp-json\/wp\/v2\/users\/1"}],"replies":[{"embeddable":true,"href":"https:\/\/sereniorizzonti.it\/it\/wp-json\/wp\/v2\/comments?post=32478"}],"version-history":[{"count":3,"href":"https:\/\/sereniorizzonti.it\/it\/wp-json\/wp\/v2\/pages\/32478\/revisions"}],"predecessor-version":[{"id":41343,"href":"https:\/\/sereniorizzonti.it\/it\/wp-json\/wp\/v2\/pages\/32478\/revisions\/41343"}],"wp:attachment":[{"href":"https:\/\/sereniorizzonti.it\/it\/wp-json\/wp\/v2\/media?parent=32478"}],"curies":[{"name":"wp","href":"https:\/\/api.w.org\/{rel}","templated":true}]}}