{"id":31166,"date":"2024-05-27T18:18:29","date_gmt":"2024-05-27T16:18:29","guid":{"rendered":"https:\/\/sereniorizzonti.it\/?page_id=31166"},"modified":"2024-09-09T22:17:19","modified_gmt":"2024-09-09T20:17:19","slug":"privacy-policy","status":"publish","type":"page","link":"https:\/\/sereniorizzonti.it\/it\/privacy-policy\/","title":{"rendered":"Privacy policy"},"content":{"rendered":"\t\t<div data-elementor-type=\"wp-page\" data-elementor-id=\"31166\" class=\"elementor elementor-31166\" data-elementor-post-type=\"page\">\n\t\t\t\t\t\t<section data-particle_enable=\"false\" data-particle-mobile-disabled=\"false\" class=\"elementor-section elementor-top-section elementor-element elementor-element-b52d1bc elementor-section-content-bottom elementor-section-boxed elementor-section-height-default elementor-section-height-default\" data-id=\"b52d1bc\" data-element_type=\"section\" data-settings=\"{&quot;background_background&quot;:&quot;classic&quot;}\">\n\t\t\t\t\t\t\t<div class=\"elementor-background-overlay\"><\/div>\n\t\t\t\t\t\t\t<div class=\"elementor-container elementor-column-gap-custom\">\n\t\t\t\t\t<div class=\"elementor-column elementor-col-100 elementor-top-column elementor-element elementor-element-415e6ef elementor-invisible\" data-id=\"415e6ef\" data-element_type=\"column\" data-settings=\"{&quot;animation&quot;:&quot;fadeIn&quot;}\">\n\t\t\t<div class=\"elementor-widget-wrap elementor-element-populated\">\n\t\t\t\t\t\t<section data-particle_enable=\"false\" data-particle-mobile-disabled=\"false\" class=\"elementor-section elementor-inner-section elementor-element elementor-element-d9c4fe5 elementor-section-boxed elementor-section-height-default elementor-section-height-default\" data-id=\"d9c4fe5\" data-element_type=\"section\">\n\t\t\t\t\t\t<div class=\"elementor-container elementor-column-gap-default\">\n\t\t\t\t\t<div class=\"elementor-column elementor-col-100 elementor-inner-column elementor-element elementor-element-244cf97\" data-id=\"244cf97\" data-element_type=\"column\">\n\t\t\t<div class=\"elementor-widget-wrap elementor-element-populated\">\n\t\t\t\t\t\t<div class=\"elementor-element elementor-element-34b7632 elementor-widget elementor-widget-text-editor\" data-id=\"34b7632\" data-element_type=\"widget\" data-widget_type=\"text-editor.default\">\n\t\t\t\t<div class=\"elementor-widget-container\">\n\t\t\t\t\t\t\t\t\t<p>Privacy policy<\/p>\t\t\t\t\t\t\t\t<\/div>\n\t\t\t\t<\/div>\n\t\t\t\t<div class=\"elementor-element elementor-element-f30c8be elementor-widget elementor-widget-text-editor\" data-id=\"f30c8be\" data-element_type=\"widget\" data-widget_type=\"text-editor.default\">\n\t\t\t\t<div class=\"elementor-widget-container\">\n\t\t\t\t\t\t\t\t\t<p>In ottemperanza degli obblighi derivanti dalla normativa nazionale (d.Lgs 30 giugno 2003 n. 196, codice in materia di protezione dei dati personali) e comunitaria (regolamento europeo 2016\/679, gdpr) e successive modifiche, il presente sito rispetta e tutela la riservatezza dei visitatori e degli utenti, ponendo in essere ogni sforzo possibile e proporzionato per non ledere I diritti degli utenti.<br \/>La presente privacy policy si applica esclusivamente alle attivit\u00e0 online del presente sito ed \u00e8 valida per I visitatori\/utenti del sito. Non si applica invece alle informazioni raccolte tramite canali diversi dal presente sito web. Lo scopo dell\u2019informativa privacy \u00e8 di fornire la massima trasparenza relativamente alle informazioni che il sito raccoglie e come le usa.<\/p>\t\t\t\t\t\t\t\t<\/div>\n\t\t\t\t<\/div>\n\t\t\t\t<div class=\"elementor-element elementor-element-5bde1e6 elementor-widget elementor-widget-text-editor\" data-id=\"5bde1e6\" data-element_type=\"widget\" data-widget_type=\"text-editor.default\">\n\t\t\t\t<div class=\"elementor-widget-container\">\n\t\t\t\t\t\t\t\t\t<p>Base giuridica del trattamento<\/p>\t\t\t\t\t\t\t\t<\/div>\n\t\t\t\t<\/div>\n\t\t\t\t<div class=\"elementor-element elementor-element-38ef6e0 elementor-widget elementor-widget-text-editor\" data-id=\"38ef6e0\" data-element_type=\"widget\" data-widget_type=\"text-editor.default\">\n\t\t\t\t<div class=\"elementor-widget-container\">\n\t\t\t\t\t\t\t\t\t<p>Il presente sito tratta I dati in base al consenso. Con l\u2019uso o la consultazione del presente sito I visitatori e gli utenti approvano esplicitamente la presente informativa privacy e acconsentono al trattamento dei loro dati personali in relazione alle modalit\u00e0 e alle finalit\u00e0 di seguito descritte, compresa l\u2019eventuale diffusione a terzi necessaria per l\u2019erogazione di un servizio.<br \/>Il conferimento dei dati e quindi il consenso alla raccolta e al trattamento dei dati \u00e8 facoltativo; l\u2019utente pu\u00f2 negare il consenso, e pu\u00f2 revocare in qualsiasi momento un consenso gi\u00e0 fornito (tramite il link contatti a fondo pagina).<\/p>\t\t\t\t\t\t\t\t<\/div>\n\t\t\t\t<\/div>\n\t\t\t\t<div class=\"elementor-element elementor-element-367a758 elementor-widget elementor-widget-text-editor\" data-id=\"367a758\" data-element_type=\"widget\" data-widget_type=\"text-editor.default\">\n\t\t\t\t<div class=\"elementor-widget-container\">\n\t\t\t\t\t\t\t\t\t<p>Dati raccolti e finalit\u00e0<\/p>\t\t\t\t\t\t\t\t<\/div>\n\t\t\t\t<\/div>\n\t\t\t\t<div class=\"elementor-element elementor-element-82a6588 elementor-widget elementor-widget-text-editor\" data-id=\"82a6588\" data-element_type=\"widget\" data-widget_type=\"text-editor.default\">\n\t\t\t\t<div class=\"elementor-widget-container\">\n\t\t\t\t\t\t\t\t\t<p>Come tutti i siti web, anche il presente sito fa uso di log files nei quali vengono conservate informazioni raccolte in maniera automatizzata durante le visite degli utenti. Le informazioni raccolte potrebbero essere le seguenti:<\/p>\n<ul>\n<li>Indirizzo internet protocol (IP);<\/li>\n<li>Tipo di browser e parametri del dispositivo usato per connettersi al sito;<\/li>\n<li>Nome dell\u2019internet service provider (ISP);<\/li>\n<li>Data e ora della visita;<\/li>\n<li>Pagina web di provenienza del visitatore (referral) e di uscita;<\/li>\n<li>Eventualmente il numero di click.<\/li>\n<\/ul>\n<p>Le suddette informazioni sono trattate in forma automatizzata e raccolte in forma esclusivamente aggregata e pseudonimizzata al fine di verificare il corretto funzionamento del sito e per motivi di sicurezza; tali informazioni saranno trattate in base ai legittimi interessi del titolare.<\/p>\n<p>A fini di sicurezza (filtri antispam, firewall, rilevazione virus), i dati registrati automaticamente possono eventualmente comprendere anche dati personali come l\u2019indirizzo Ip, che potrebbe essere utilizzato, conformemente alle leggi vigenti in materia, al fine di bloccare tentativi di danneggiamento al sito medesimo o di recare danno ad altri utenti, o comunque attivit\u00e0 dannose o costituenti reato. Tali dati non sono mai utilizzati per l\u2019identificazione o la profilazione dell\u2019utente, ma solo ai fini di tutela del sito e dei suoi utenti; tali informazioni sono trattate in base ai legittimi interessi del titolare.<\/p>\n<p>In caso di specifici servizi richiesti dall\u2019utente, il sito rileva e registra alcuni dati identificativi dell\u2019utente, tra cui l\u2019indirizzo email. Tali dati si intendono volontariamente forniti dall\u2019utente al momento della richiesta di erogazione del servizio (richiesta informazioni). Inoltrando la richiesta di informazioni l\u2019utente accetta l\u2019informativa privacy e acconsente che i contenuti inseriti siano liberamente diffusi a terzi per le finalit\u00e0 espresse.<\/p>\n<p>I dati ricevuti verranno utilizzati esclusivamente per l\u2019erogazione del servizio richiesto e per il solo tempo necessario per la fornitura del servizio.<\/p>\n<p>Le informazioni che gli utenti del sito riterranno di rendere pubbliche tramite i servizi e gli strumenti messi a disposizione degli stessi, sono fornite dall\u2019utente consapevolmente e volontariamente, esentando il presente sito da qualsiasi responsabilit\u00e0 in merito ad eventuali violazioni delle leggi. Spetta all\u2019utente verificare di avere i permessi per l\u2019immissione di dati personali di terzi o di contenuti tutelati dalle norme nazionali ed internazionali.<\/p>\n<p>I dati raccolti dal sito durante il suo funzionamento sono utilizzati esclusivamente per le finalit\u00e0 sopra indicate e conservati per il tempo strettamente necessario a svolgere le attivit\u00e0 precisate. In ogni caso i dati rilevati dal sito non saranno forniti mai a terzi, per nessuna ragione, a meno che non si tratti di legittima richiesta da parte dell\u2019autorit\u00e0 giudiziaria e nei soli casi previsti dalla legge.<\/p>\n<p>I dati utilizzati ai fini di sicurezza (blocco tentativi di danneggiamento del sito) sono conservati per 7 giorni.<\/p>\t\t\t\t\t\t\t\t<\/div>\n\t\t\t\t<\/div>\n\t\t\t\t<div class=\"elementor-element elementor-element-5d38d23 elementor-widget elementor-widget-text-editor\" data-id=\"5d38d23\" data-element_type=\"widget\" data-widget_type=\"text-editor.default\">\n\t\t\t\t<div class=\"elementor-widget-container\">\n\t\t\t\t\t\t\t\t\t<p>Luogo del trattamento<\/p>\t\t\t\t\t\t\t\t<\/div>\n\t\t\t\t<\/div>\n\t\t\t\t<div class=\"elementor-element elementor-element-7db8e76 elementor-widget elementor-widget-text-editor\" data-id=\"7db8e76\" data-element_type=\"widget\" data-widget_type=\"text-editor.default\">\n\t\t\t\t<div class=\"elementor-widget-container\">\n\t\t\t\t\t\t\t\t\t<p>I dati raccolti dal sito sono trattati dal Titolare del Trattamento sito in Via Vittorio Veneto, 45 Udine (UD), e sono curati solo da personale tecnico autorizzato al trattamento, oppure da eventuali incaricati di occasionali operazioni di manutenzione.<\/p>\t\t\t\t\t\t\t\t<\/div>\n\t\t\t\t<\/div>\n\t\t\t\t<div class=\"elementor-element elementor-element-03cf6de elementor-widget elementor-widget-text-editor\" data-id=\"03cf6de\" data-element_type=\"widget\" data-widget_type=\"text-editor.default\">\n\t\t\t\t<div class=\"elementor-widget-container\">\n\t\t\t\t\t\t\t\t\t<p>Trasferimento di dati in paesi extra ue<\/p>\t\t\t\t\t\t\t\t<\/div>\n\t\t\t\t<\/div>\n\t\t\t\t<div class=\"elementor-element elementor-element-cc95305 elementor-widget elementor-widget-text-editor\" data-id=\"cc95305\" data-element_type=\"widget\" data-widget_type=\"text-editor.default\">\n\t\t\t\t<div class=\"elementor-widget-container\">\n\t\t\t\t\t\t\t\t\t<p>Il presente sito potrebbe condividere alcuni dei dati raccolti con servizi localizzati al di fuori dell\u2019area dell\u2019unione europea. Il trasferimento \u00e8 autorizzato in base a specifiche decisioni dell\u2019unione europea e del garante per la tutela dei dati personali, in particolare la decisione 1250\/2016 (privacy shield), per cui non occorre ulteriore consenso.<\/p>\t\t\t\t\t\t\t\t<\/div>\n\t\t\t\t<\/div>\n\t\t\t\t<div class=\"elementor-element elementor-element-c4cd09e elementor-widget elementor-widget-text-editor\" data-id=\"c4cd09e\" data-element_type=\"widget\" data-widget_type=\"text-editor.default\">\n\t\t\t\t<div class=\"elementor-widget-container\">\n\t\t\t\t\t\t\t\t\t<p>Misure di sicurezza<\/p>\t\t\t\t\t\t\t\t<\/div>\n\t\t\t\t<\/div>\n\t\t\t\t<div class=\"elementor-element elementor-element-becf027 elementor-widget elementor-widget-text-editor\" data-id=\"becf027\" data-element_type=\"widget\" data-widget_type=\"text-editor.default\">\n\t\t\t\t<div class=\"elementor-widget-container\">\n\t\t\t\t\t\t\t\t\t<p>Il presente sito tratta I dati degli utenti in maniera lecita e corretta, adottando le opportune misure di sicurezza volte ad impedire accessi non autorizzati, divulgazione, modifica o distruzione non autorizzata dei dati. Il trattamento viene effettuato mediante strumenti informatici e\/o telematici, con modalit\u00e0 organizzative e con logiche strettamente correlate alle finalit\u00e0 indicate. Oltre al titolare, in alcuni casi, potrebbero avere accesso ai dati categorie di incaricati coinvolti nell\u2019organizzazione del sito (personale amministrativo, commerciale, marketing, legali, amministratori di sistema) ovvero soggetti esterni (come fornitori di servizi tecnici terzi, corrieri postali, hosting provides, societ\u00e0 informatiche, agenzie di comunicazione).<\/p>\t\t\t\t\t\t\t\t<\/div>\n\t\t\t\t<\/div>\n\t\t\t\t<div class=\"elementor-element elementor-element-157444c elementor-widget elementor-widget-text-editor\" data-id=\"157444c\" data-element_type=\"widget\" data-widget_type=\"text-editor.default\">\n\t\t\t\t<div class=\"elementor-widget-container\">\n\t\t\t\t\t\t\t\t\t<p>Diritti dell&#8217;utente<\/p>\t\t\t\t\t\t\t\t<\/div>\n\t\t\t\t<\/div>\n\t\t\t\t<div class=\"elementor-element elementor-element-6a05983 elementor-widget elementor-widget-text-editor\" data-id=\"6a05983\" data-element_type=\"widget\" data-widget_type=\"text-editor.default\">\n\t\t\t\t<div class=\"elementor-widget-container\">\n\t\t\t\t\t\t\t\t\t<p>Ai sensi del Regolamento europeo 2016\/679 (GDPR) e della normativa nazionale, l\u2019Utente pu\u00f2, secondo le modalit\u00e0 e nei limiti previsti dalla vigente normativa, esercitare i seguenti diritti:<\/p>\n<ul>\n<li>Richiedere la conferma dell\u2019esistenza dei dati personali che lo riguardano (diritto di accesso);<\/li>\n<li>Conoscerne l\u2019origine;<\/li>\n<li>Riceverne comunicazione intellegibile;<\/li>\n<li>Avere informazioni circa la logica, le modalit\u00e0 e le finalit\u00e0 di trattamento;<\/li>\n<li>Richiederne l\u2019aggiornamento, la rettifica, l\u2019integrazione, la cancellazione, la trasformazione in forma anonima, il blocco dei dati trattati in violazione di legge, ivi compresi quelli non pi\u00f9 necessari al perseguimento degli scopi per i quali sono stati raccolti;<\/li>\n<li>Nei casi di trattamento basato su un consenso, ricevere al solo costo dell\u2019eventuale supporto, i suoi dati forniti al titolare, in forma strutturata e leggibile da un elaboratore di dati e in un formato comunemente usato da un dispositivo elettronico;<\/li>\n<li>Il diritto di presentare reclamo all\u2019Autorit\u00e0 di controllo (Garante Privacy);<\/li>\n<li>Nonch\u00e9, pi\u00f9 in generale, esercitare tutti i diritti che gli sono riconosciuti dalle vigenti disposizioni di legge.<\/li>\n<\/ul>\n<p>Le richieste vanno rivolte al Titolare del trattamento o al Responsabile della Protezione Dati.<\/p>\n<p>Nel caso in cui i dati siano trattati in base ai legittimi interessi sono comunque garantiti i diritti degli interessati al trattamento (tranne il diritto alla portabilit\u00e0 che non \u00e8 previsto dalle norme), in particolare il diritto di opposizione al trattamento che pu\u00f2 essere esercitato inviando una richiesta al titolare del trattamento.<\/p>\t\t\t\t\t\t\t\t<\/div>\n\t\t\t\t<\/div>\n\t\t\t\t<div class=\"elementor-element elementor-element-8beb054 elementor-widget elementor-widget-text-editor\" data-id=\"8beb054\" data-element_type=\"widget\" data-widget_type=\"text-editor.default\">\n\t\t\t\t<div class=\"elementor-widget-container\">\n\t\t\t\t\t\t\t\t\t<p>Titolare del trattamento e responsabile del trattamento<\/p>\t\t\t\t\t\t\t\t<\/div>\n\t\t\t\t<\/div>\n\t\t\t\t<div class=\"elementor-element elementor-element-6d5b0d3 elementor-widget elementor-widget-text-editor\" data-id=\"6d5b0d3\" data-element_type=\"widget\" data-widget_type=\"text-editor.default\">\n\t\t\t\t<div class=\"elementor-widget-container\">\n\t\t\t\t\t\t\t\t\t<p>Titolare del trattamento \u00e8 gruppo sereni orizzonti con sede in via Vittorio Veneto, 45 Udine (UD), che pu\u00f2 essere contattato al numero +390432506519 e tramite mail alla pec sereniorizzonti.rpd@legalmail.it.<\/p>\t\t\t\t\t\t\t\t<\/div>\n\t\t\t\t<\/div>\n\t\t\t\t\t<\/div>\n\t\t<\/div>\n\t\t\t\t\t<\/div>\n\t\t<\/section>\n\t\t\t\t<div class=\"elementor-element elementor-element-1f1ab11 elementor-widget elementor-widget-spacer\" data-id=\"1f1ab11\" data-element_type=\"widget\" data-widget_type=\"spacer.default\">\n\t\t\t\t<div class=\"elementor-widget-container\">\n\t\t\t\t\t\t\t<div class=\"elementor-spacer\">\n\t\t\t<div class=\"elementor-spacer-inner\"><\/div>\n\t\t<\/div>\n\t\t\t\t\t\t<\/div>\n\t\t\t\t<\/div>\n\t\t\t\t\t<\/div>\n\t\t<\/div>\n\t\t\t\t\t<\/div>\n\t\t<\/section>\n\t\t\t\t<\/div>\n\t\t","protected":false},"excerpt":{"rendered":"<p>Privacy policy In ottemperanza degli obblighi derivanti dalla normativa nazionale (d.Lgs 30 giugno 2003 n. 196, codice in materia di protezione dei dati personali) e comunitaria (regolamento europeo 2016\/679, gdpr) e successive modifiche, il presente sito rispetta e tutela la riservatezza dei visitatori e degli utenti, ponendo in essere ogni sforzo possibile e proporzionato per [&hellip;]<\/p>\n","protected":false},"author":1,"featured_media":0,"parent":0,"menu_order":0,"comment_status":"closed","ping_status":"closed","template":"page-templates\/template-full-width-page-without-header-title.php","meta":{"_acf_changed":false,"footnotes":""},"class_list":["post-31166","page","type-page","status-publish","hentry"],"acf":[],"_links":{"self":[{"href":"https:\/\/sereniorizzonti.it\/it\/wp-json\/wp\/v2\/pages\/31166","targetHints":{"allow":["GET"]}}],"collection":[{"href":"https:\/\/sereniorizzonti.it\/it\/wp-json\/wp\/v2\/pages"}],"about":[{"href":"https:\/\/sereniorizzonti.it\/it\/wp-json\/wp\/v2\/types\/page"}],"author":[{"embeddable":true,"href":"https:\/\/sereniorizzonti.it\/it\/wp-json\/wp\/v2\/users\/1"}],"replies":[{"embeddable":true,"href":"https:\/\/sereniorizzonti.it\/it\/wp-json\/wp\/v2\/comments?post=31166"}],"version-history":[{"count":0,"href":"https:\/\/sereniorizzonti.it\/it\/wp-json\/wp\/v2\/pages\/31166\/revisions"}],"wp:attachment":[{"href":"https:\/\/sereniorizzonti.it\/it\/wp-json\/wp\/v2\/media?parent=31166"}],"curies":[{"name":"wp","href":"https:\/\/api.w.org\/{rel}","templated":true}]}}