{"id":29889,"date":"2024-05-20T15:36:58","date_gmt":"2024-05-20T13:36:58","guid":{"rendered":"https:\/\/sereniorizzonti.it\/?page_id=29889"},"modified":"2024-12-17T10:48:19","modified_gmt":"2024-12-17T09:48:19","slug":"sviluppo-immobiliare","status":"publish","type":"page","link":"https:\/\/sereniorizzonti.it\/it\/sviluppo-immobiliare\/","title":{"rendered":"Sviluppo Immobiliare"},"content":{"rendered":"\t\t<div data-elementor-type=\"wp-page\" data-elementor-id=\"29889\" class=\"elementor elementor-29889\" data-elementor-post-type=\"page\">\n\t\t\t\t\t\t<section data-particle_enable=\"false\" data-particle-mobile-disabled=\"false\" class=\"elementor-section elementor-top-section elementor-element elementor-element-b52d1bc elementor-section-content-bottom elementor-section-boxed elementor-section-height-default elementor-section-height-default\" data-id=\"b52d1bc\" data-element_type=\"section\" data-settings=\"{&quot;background_background&quot;:&quot;classic&quot;}\">\n\t\t\t\t\t\t\t<div class=\"elementor-background-overlay\"><\/div>\n\t\t\t\t\t\t\t<div class=\"elementor-container elementor-column-gap-custom\">\n\t\t\t\t\t<div class=\"elementor-column elementor-col-100 elementor-top-column elementor-element elementor-element-415e6ef elementor-invisible\" data-id=\"415e6ef\" data-element_type=\"column\" data-settings=\"{&quot;animation&quot;:&quot;fadeIn&quot;}\">\n\t\t\t<div class=\"elementor-widget-wrap elementor-element-populated\">\n\t\t\t\t\t\t<section data-particle_enable=\"false\" data-particle-mobile-disabled=\"false\" class=\"elementor-section elementor-inner-section elementor-element elementor-element-d9c4fe5 elementor-section-boxed elementor-section-height-default elementor-section-height-default\" data-id=\"d9c4fe5\" data-element_type=\"section\">\n\t\t\t\t\t\t<div class=\"elementor-container elementor-column-gap-default\">\n\t\t\t\t\t<div class=\"elementor-column elementor-col-100 elementor-inner-column elementor-element elementor-element-244cf97\" data-id=\"244cf97\" data-element_type=\"column\">\n\t\t\t<div class=\"elementor-widget-wrap elementor-element-populated\">\n\t\t\t\t\t\t<div class=\"elementor-element elementor-element-1f67555 elementor-widget elementor-widget-text-editor\" data-id=\"1f67555\" data-element_type=\"widget\" data-widget_type=\"text-editor.default\">\n\t\t\t\t<div class=\"elementor-widget-container\">\n\t\t\t\t\t\t\t\t\t<p>Attivit\u00e0<\/p>\t\t\t\t\t\t\t\t<\/div>\n\t\t\t\t<\/div>\n\t\t\t\t<div class=\"elementor-element elementor-element-11a749d elementor-widget elementor-widget-text-editor\" data-id=\"11a749d\" data-element_type=\"widget\" data-widget_type=\"text-editor.default\">\n\t\t\t\t<div class=\"elementor-widget-container\">\n\t\t\t\t\t\t\t\t\tReal Estate Development\t\t\t\t\t\t\t\t<\/div>\n\t\t\t\t<\/div>\n\t\t\t\t<div class=\"elementor-element elementor-element-9291f13 elementor-widget elementor-widget-text-editor\" data-id=\"9291f13\" data-element_type=\"widget\" data-widget_type=\"text-editor.default\">\n\t\t\t\t<div class=\"elementor-widget-container\">\n\t\t\t\t\t\t\t\t\t<p>Abbiamo imparato a costruire le nostre residenze sanitarie partendo dall\u2019esperienza ultraventennale di gestione; solo gestendo si possono comprendere a fondo le esigenze delle persone che vivono nelle Rsa. Abbiamo costruito negli ultimi 10 anni pi\u00f9 di 20 Rsa e oggi sviluppiamo nuovi progetti per oltre 4000 posti letto nel prossimo quinquennio.<\/p>\t\t\t\t\t\t\t\t<\/div>\n\t\t\t\t<\/div>\n\t\t\t\t\t<\/div>\n\t\t<\/div>\n\t\t\t\t\t<\/div>\n\t\t<\/section>\n\t\t\t\t\t<\/div>\n\t\t<\/div>\n\t\t\t\t\t<\/div>\n\t\t<\/section>\n\t\t\t\t<section data-particle_enable=\"false\" data-particle-mobile-disabled=\"false\" class=\"elementor-section elementor-top-section elementor-element elementor-element-9f909fc elementor-section-content-middle elementor-section-full_width elementor-section-height-default elementor-section-height-default\" data-id=\"9f909fc\" data-element_type=\"section\" data-settings=\"{&quot;background_background&quot;:&quot;classic&quot;}\">\n\t\t\t\t\t\t\t<div class=\"elementor-background-overlay\"><\/div>\n\t\t\t\t\t\t\t<div class=\"elementor-container elementor-column-gap-custom\">\n\t\t\t\t\t<div class=\"elementor-column elementor-col-100 elementor-top-column elementor-element elementor-element-1b6ea4b\" data-id=\"1b6ea4b\" data-element_type=\"column\">\n\t\t\t<div class=\"elementor-widget-wrap elementor-element-populated\">\n\t\t\t\t\t\t<section data-particle_enable=\"false\" data-particle-mobile-disabled=\"false\" class=\"elementor-section elementor-inner-section elementor-element elementor-element-fd5ebef elementor-section-full_width elementor-section-height-min-height elementor-section-height-default elementor-invisible\" data-id=\"fd5ebef\" data-element_type=\"section\" data-settings=\"{&quot;animation&quot;:&quot;fadeIn&quot;,&quot;background_background&quot;:&quot;classic&quot;}\">\n\t\t\t\t\t\t\t<div class=\"elementor-background-overlay\"><\/div>\n\t\t\t\t\t\t\t<div class=\"elementor-container elementor-column-gap-no\">\n\t\t\t\t\t<div class=\"elementor-column elementor-col-100 elementor-inner-column elementor-element elementor-element-ef4cba1\" data-id=\"ef4cba1\" data-element_type=\"column\">\n\t\t\t<div class=\"elementor-widget-wrap\">\n\t\t\t\t\t\t\t<\/div>\n\t\t<\/div>\n\t\t\t\t\t<\/div>\n\t\t<\/section>\n\t\t\t\t\t<\/div>\n\t\t<\/div>\n\t\t\t\t\t<\/div>\n\t\t<\/section>\n\t\t\t\t<section data-particle_enable=\"false\" data-particle-mobile-disabled=\"false\" class=\"elementor-section elementor-top-section elementor-element elementor-element-8983bf2 elementor-section-boxed elementor-section-height-default elementor-section-height-default\" data-id=\"8983bf2\" data-element_type=\"section\" data-settings=\"{&quot;background_background&quot;:&quot;classic&quot;}\">\n\t\t\t\t\t\t\t<div class=\"elementor-background-overlay\"><\/div>\n\t\t\t\t\t\t\t<div class=\"elementor-container elementor-column-gap-default\">\n\t\t\t\t\t<div class=\"elementor-column elementor-col-100 elementor-top-column elementor-element elementor-element-207d481\" data-id=\"207d481\" data-element_type=\"column\" data-settings=\"{&quot;background_background&quot;:&quot;classic&quot;}\">\n\t\t\t<div class=\"elementor-widget-wrap elementor-element-populated\">\n\t\t\t\t\t\t<section data-particle_enable=\"false\" data-particle-mobile-disabled=\"false\" class=\"elementor-section elementor-inner-section elementor-element elementor-element-bba63a2 elementor-section-full_width elementor-section-height-default elementor-section-height-default\" data-id=\"bba63a2\" data-element_type=\"section\">\n\t\t\t\t\t\t<div class=\"elementor-container elementor-column-gap-default\">\n\t\t\t\t\t<div class=\"elementor-column elementor-col-50 elementor-inner-column elementor-element elementor-element-42583bb elementor-invisible\" data-id=\"42583bb\" data-element_type=\"column\" data-settings=\"{&quot;animation&quot;:&quot;fadeIn&quot;}\">\n\t\t\t<div class=\"elementor-widget-wrap elementor-element-populated\">\n\t\t\t\t\t\t<div class=\"elementor-element elementor-element-80bc703 elementor-widget elementor-widget-text-editor\" data-id=\"80bc703\" data-element_type=\"widget\" data-widget_type=\"text-editor.default\">\n\t\t\t\t<div class=\"elementor-widget-container\">\n\t\t\t\t\t\t\t\t\t<p>Sviluppo per linee dirette: Greenfield<\/p>\t\t\t\t\t\t\t\t<\/div>\n\t\t\t\t<\/div>\n\t\t\t\t<div class=\"elementor-element elementor-element-d9a348f elementor-widget elementor-widget-text-editor\" data-id=\"d9a348f\" data-element_type=\"widget\" data-widget_type=\"text-editor.default\">\n\t\t\t\t<div class=\"elementor-widget-container\">\n\t\t\t\t\t\t\t\t\t<p>Verificate le aree di fabbisogno nel paese e approfondito ogni aspetto del marketing, vengono acquisiti i terreni sulla base di una programmazione pluriennale. Le acquisizioni riguardano tutto il territorio nazionale, ma si rivolgono prevalentemente a quelle aree nelle quali \u00e8 possibile ottenere il convenzionamento con le aziende sanitarie territoriali, al fine di ridurre l\u2019onere della retta per le famiglie. Successivamente all\u2019individuazione dei terreni, i project manager del team di sviluppo procedono alle attivit\u00e0 propedeutiche alla costruzione degli edifici. Tale attivit\u00e0 viene monitorata in ogni sua fase al fine di garantire il massimo della qualit\u00e0.<\/p>\t\t\t\t\t\t\t\t<\/div>\n\t\t\t\t<\/div>\n\t\t\t\t<div class=\"elementor-element elementor-element-9fb9a86 elementor-widget elementor-widget-image\" data-id=\"9fb9a86\" data-element_type=\"widget\" data-widget_type=\"image.default\">\n\t\t\t\t<div class=\"elementor-widget-container\">\n\t\t\t\t\t\t\t\t\t\t\t\t\t\t\t<img fetchpriority=\"high\" decoding=\"async\" width=\"683\" height=\"1024\" src=\"https:\/\/sereniorizzonti.it\/wp-content\/uploads\/2024\/09\/servizioAquisizioni-683x1024.jpg\" class=\"attachment-large size-large wp-image-34347\" alt=\"\" srcset=\"https:\/\/sereniorizzonti.it\/wp-content\/uploads\/2024\/09\/servizioAquisizioni-683x1024.jpg 683w, https:\/\/sereniorizzonti.it\/wp-content\/uploads\/2024\/09\/servizioAquisizioni-200x300.jpg 200w, https:\/\/sereniorizzonti.it\/wp-content\/uploads\/2024\/09\/servizioAquisizioni-768x1152.jpg 768w, https:\/\/sereniorizzonti.it\/wp-content\/uploads\/2024\/09\/servizioAquisizioni-1024x1536.jpg 1024w, https:\/\/sereniorizzonti.it\/wp-content\/uploads\/2024\/09\/servizioAquisizioni-8x12.jpg 8w, https:\/\/sereniorizzonti.it\/wp-content\/uploads\/2024\/09\/servizioAquisizioni.jpg 1280w\" sizes=\"(max-width: 683px) 100vw, 683px\" \/>\t\t\t\t\t\t\t\t\t\t\t\t\t\t\t<\/div>\n\t\t\t\t<\/div>\n\t\t\t\t\t<\/div>\n\t\t<\/div>\n\t\t\t\t<div class=\"elementor-column elementor-col-50 elementor-inner-column elementor-element elementor-element-915a026 elementor-invisible\" data-id=\"915a026\" data-element_type=\"column\" data-settings=\"{&quot;background_background&quot;:&quot;classic&quot;,&quot;animation&quot;:&quot;fadeIn&quot;,&quot;animation_delay&quot;:200}\">\n\t\t\t<div class=\"elementor-widget-wrap elementor-element-populated\">\n\t\t\t\t\t\t<div class=\"elementor-element elementor-element-35094c7 elementor-widget elementor-widget-image\" data-id=\"35094c7\" data-element_type=\"widget\" data-widget_type=\"image.default\">\n\t\t\t\t<div class=\"elementor-widget-container\">\n\t\t\t\t\t\t\t\t\t\t\t\t\t\t\t<img decoding=\"async\" width=\"683\" height=\"1024\" src=\"https:\/\/sereniorizzonti.it\/wp-content\/uploads\/2024\/05\/servizioCostruzione-683x1024.jpg\" class=\"attachment-large size-large wp-image-29946\" alt=\"\" srcset=\"https:\/\/sereniorizzonti.it\/wp-content\/uploads\/2024\/05\/servizioCostruzione-683x1024.jpg 683w, https:\/\/sereniorizzonti.it\/wp-content\/uploads\/2024\/05\/servizioCostruzione-200x300.jpg 200w, https:\/\/sereniorizzonti.it\/wp-content\/uploads\/2024\/05\/servizioCostruzione-768x1152.jpg 768w, https:\/\/sereniorizzonti.it\/wp-content\/uploads\/2024\/05\/servizioCostruzione-1024x1536.jpg 1024w, https:\/\/sereniorizzonti.it\/wp-content\/uploads\/2024\/05\/servizioCostruzione.jpg 1280w\" sizes=\"(max-width: 683px) 100vw, 683px\" \/>\t\t\t\t\t\t\t\t\t\t\t\t\t\t\t<\/div>\n\t\t\t\t<\/div>\n\t\t\t\t<div class=\"elementor-element elementor-element-f7097d6 elementor-widget elementor-widget-text-editor\" data-id=\"f7097d6\" data-element_type=\"widget\" data-widget_type=\"text-editor.default\">\n\t\t\t\t<div class=\"elementor-widget-container\">\n\t\t\t\t\t\t\t\t\tSostenibilit\u00e0 ambientale \t\t\t\t\t\t\t\t<\/div>\n\t\t\t\t<\/div>\n\t\t\t\t<div class=\"elementor-element elementor-element-2f000cb elementor-widget elementor-widget-text-editor\" data-id=\"2f000cb\" data-element_type=\"widget\" data-widget_type=\"text-editor.default\">\n\t\t\t\t<div class=\"elementor-widget-container\">\n\t\t\t\t\t\t\t\t\t<p>Partendo dall\u2019analisi del fabbisogno territoriale, Sereni Orizzonti 1 S.p.A., anche attraverso le altre partecipate del Gruppo tra cui Lifecare e 3AMilano, progetta, realizza e gestisce residenze per la Terza Et\u00e0 dotate dei pi\u00f9 elevati standard architettonici, impiantistici e domotici, adottando soluzioni di sostenibilit\u00e0 ambientale, risparmio energetico, building automation e sensori biomedici in grado di garantire un elevato numero di servizi. Gli immobili di nuova costruzione seguono le linee guida ESG, offrono una elevata qualit\u00e0 della vita per ospiti e operatori, contribuiscono alla sostenibilit\u00e0 di tutta la catena di valore dal greenfield al servizio finale all\u2019ospite non autosufficiente.<\/p>\t\t\t\t\t\t\t\t<\/div>\n\t\t\t\t<\/div>\n\t\t\t\t\t<\/div>\n\t\t<\/div>\n\t\t\t\t\t<\/div>\n\t\t<\/section>\n\t\t\t\t<div class=\"elementor-element elementor-element-6b08efd elementor-widget elementor-widget-spacer\" data-id=\"6b08efd\" data-element_type=\"widget\" data-widget_type=\"spacer.default\">\n\t\t\t\t<div class=\"elementor-widget-container\">\n\t\t\t\t\t\t\t<div class=\"elementor-spacer\">\n\t\t\t<div class=\"elementor-spacer-inner\"><\/div>\n\t\t<\/div>\n\t\t\t\t\t\t<\/div>\n\t\t\t\t<\/div>\n\t\t\t\t<div class=\"elementor-element elementor-element-65bf2c2 elementor-widget elementor-widget-text-editor\" data-id=\"65bf2c2\" data-element_type=\"widget\" data-widget_type=\"text-editor.default\">\n\t\t\t\t<div class=\"elementor-widget-container\">\n\t\t\t\t\t\t\t\t\tPartnership pubblico-privato \t\t\t\t\t\t\t\t<\/div>\n\t\t\t\t<\/div>\n\t\t\t\t<div class=\"elementor-element elementor-element-df8d22e elementor-widget elementor-widget-text-editor\" data-id=\"df8d22e\" data-element_type=\"widget\" data-widget_type=\"text-editor.default\">\n\t\t\t\t<div class=\"elementor-widget-container\">\n\t\t\t\t\t\t\t\t\t<p>La richiesta sempre in aumento di servizi per la Terza Et\u00e0 e la riduzione di risorse pubbliche favoriscono la partnership tra pubblico e privato; \u00e8 proprio in quest\u2019ottica di sussidiariet\u00e0 e integrazione che Sereni Orizzonti ha iniziato un percorso che l\u2019ha portata ad essere partner di numerosi soggetti pubblici quali Comuni, Regioni, Aziende per i Servizi Sanitari o Consorzi socio-assistenziali, per la consulenza, la progettazione, la realizzazione e la gestione di strutture socio sanitarie ecosostenibili. Questa collaborazione, intesa non come delega ma come impegno comune a investire condividendo scelte e priorit\u00e0, ha dato vita a modelli integrati pi\u00f9 orientati al soddisfacimento dei bisogni sanitari e assistenziali del cittadino. Anche in caso di iniziative dirette, Sereni Orizzonti si interfaccia costantemente con i diversi enti della Pubblica Amministrazione al fine di favorire una proficua collaborazione e dare risposta alle pi\u00f9 diverse esigenze espresse dal territorio.<\/p>\t\t\t\t\t\t\t\t<\/div>\n\t\t\t\t<\/div>\n\t\t\t\t<div class=\"elementor-element elementor-element-ed26833 elementor-widget elementor-widget-text-editor\" data-id=\"ed26833\" data-element_type=\"widget\" data-widget_type=\"text-editor.default\">\n\t\t\t\t<div class=\"elementor-widget-container\">\n\t\t\t\t\t\t\t\t\t<p>Stiamo costruendo per voi<\/p>\t\t\t\t\t\t\t\t<\/div>\n\t\t\t\t<\/div>\n\t\t\t\t<div class=\"elementor-element elementor-element-01269a6 elementor-widget elementor-widget-image\" data-id=\"01269a6\" data-element_type=\"widget\" data-widget_type=\"image.default\">\n\t\t\t\t<div class=\"elementor-widget-container\">\n\t\t\t\t\t\t\t\t\t\t\t\t\t\t\t<img decoding=\"async\" width=\"1280\" height=\"960\" src=\"https:\/\/sereniorizzonti.it\/wp-content\/uploads\/2024\/09\/1-2.jpg\" class=\"attachment-full size-full wp-image-34527\" alt=\"\" srcset=\"https:\/\/sereniorizzonti.it\/wp-content\/uploads\/2024\/09\/1-2.jpg 1280w, https:\/\/sereniorizzonti.it\/wp-content\/uploads\/2024\/09\/1-2-300x225.jpg 300w, https:\/\/sereniorizzonti.it\/wp-content\/uploads\/2024\/09\/1-2-1024x768.jpg 1024w, https:\/\/sereniorizzonti.it\/wp-content\/uploads\/2024\/09\/1-2-768x576.jpg 768w, https:\/\/sereniorizzonti.it\/wp-content\/uploads\/2024\/09\/1-2-16x12.jpg 16w\" sizes=\"(max-width: 1280px) 100vw, 1280px\" \/>\t\t\t\t\t\t\t\t\t\t\t\t\t\t\t<\/div>\n\t\t\t\t<\/div>\n\t\t\t\t<div class=\"elementor-element elementor-element-8e3aa56 elementor-widget elementor-widget-text-editor\" data-id=\"8e3aa56\" data-element_type=\"widget\" data-widget_type=\"text-editor.default\">\n\t\t\t\t<div class=\"elementor-widget-container\">\n\t\t\t\t\t\t\t\t\t<p>La pipeline di sviluppo prevede la realizzazione nel quinquennio 2024-2028 di nuovi 4000 posti letto nelle regioni Piemonte, Toscana, Emilia-Romagna, Friuli-Venezia Giulia, Veneto, Lombardia e Sardegna.<\/p>\t\t\t\t\t\t\t\t<\/div>\n\t\t\t\t<\/div>\n\t\t\t\t<div class=\"elementor-element elementor-element-93b7860 elementor-widget elementor-widget-premium-addon-video-box\" data-id=\"93b7860\" data-element_type=\"widget\" data-settings=\"{&quot;premium_video_box_video_type&quot;:&quot;youtube&quot;}\" data-widget_type=\"premium-addon-video-box.default\">\n\t\t\t\t<div class=\"elementor-widget-container\">\n\t\t\t\t\t\r\n\t\t\r\n\t\t\t\t\t<div id=\"premium-video-box-container-93b7860\" class=\"premium-video-box-container\" data-overlay=\"true\" data-type=\"youtube\" data-thumbnail=\"\" data-hover=\"none\">\r\n\t\t\t\t<div  >\r\n\t\t\t\t\t\r\n\t\t\t\t\t<div class=\"premium-video-box-inner-wrap\" data-video-animation=\" animated-\" data-delay-animation=\"\">\r\n\t\t\t\t\t\t<div data-src=\"https:\/\/www.youtube.com\/embed\/zMbDG7xLgSM?feature=oembed&amp;rel=0&amp;mute=0&amp;loop=0&amp;controls=1\" class=\"premium-video-box-video-container\">\r\n\t\t\t\t\t\t\t\r\n\t\t\t\t\t\t\t\t\t\t\t\t\t<\/div>\r\n\t\t\t\t\t\t\t<div style=\"background-image:transparent\" class=\"premium-video-box-image-container none\"><\/div>\r\n\t\t\t\t\t\t\t\t\t\t\t\t\t\t\t\t\t\t\t\t\t\t\t\t\t\t\t\t\t\t\t<\/div>\r\n\r\n\t\t\t\t<\/div>\r\n\t\t\t<\/div>\r\n\t\t\r\n\t\t\t\t\t\t<\/div>\n\t\t\t\t<\/div>\n\t\t\t\t<div class=\"elementor-element elementor-element-0a05533 elementor-widget elementor-widget-spacer\" data-id=\"0a05533\" data-element_type=\"widget\" data-widget_type=\"spacer.default\">\n\t\t\t\t<div class=\"elementor-widget-container\">\n\t\t\t\t\t\t\t<div class=\"elementor-spacer\">\n\t\t\t<div class=\"elementor-spacer-inner\"><\/div>\n\t\t<\/div>\n\t\t\t\t\t\t<\/div>\n\t\t\t\t<\/div>\n\t\t\t\t\t<\/div>\n\t\t<\/div>\n\t\t\t\t\t<\/div>\n\t\t<\/section>\n\t\t<div data-particle_enable=\"false\" data-particle-mobile-disabled=\"false\" class=\"elementor-element elementor-element-b2d3d6a e-flex e-con-boxed e-con e-parent\" data-id=\"b2d3d6a\" data-element_type=\"container\" data-settings=\"{&quot;background_background&quot;:&quot;classic&quot;}\">\n\t\t\t\t\t<div class=\"e-con-inner\">\n\t\t\t\t<div class=\"elementor-element elementor-element-4e9b232 elementor-widget elementor-widget-spacer\" data-id=\"4e9b232\" data-element_type=\"widget\" data-widget_type=\"spacer.default\">\n\t\t\t\t<div class=\"elementor-widget-container\">\n\t\t\t\t\t\t\t<div class=\"elementor-spacer\">\n\t\t\t<div class=\"elementor-spacer-inner\"><\/div>\n\t\t<\/div>\n\t\t\t\t\t\t<\/div>\n\t\t\t\t<\/div>\n\t\t\t\t\t<\/div>\n\t\t\t\t<\/div>\n\t\t\t\t<\/div>\n\t\t","protected":false},"excerpt":{"rendered":"<p>Attivit\u00e0 Real Estate Development Abbiamo imparato a costruire le nostre residenze sanitarie partendo dall\u2019esperienza ultraventennale di gestione; solo gestendo si possono comprendere a fondo le esigenze delle persone che vivono nelle Rsa. Abbiamo costruito negli ultimi 10 anni pi\u00f9 di 20 Rsa e oggi sviluppiamo nuovi progetti per oltre 4000 posti letto nel prossimo quinquennio. [&hellip;]<\/p>\n","protected":false},"author":1,"featured_media":0,"parent":0,"menu_order":0,"comment_status":"closed","ping_status":"closed","template":"page-templates\/template-full-width-page-without-header-title.php","meta":{"_acf_changed":false,"footnotes":""},"class_list":["post-29889","page","type-page","status-publish","hentry"],"acf":[],"_links":{"self":[{"href":"https:\/\/sereniorizzonti.it\/it\/wp-json\/wp\/v2\/pages\/29889","targetHints":{"allow":["GET"]}}],"collection":[{"href":"https:\/\/sereniorizzonti.it\/it\/wp-json\/wp\/v2\/pages"}],"about":[{"href":"https:\/\/sereniorizzonti.it\/it\/wp-json\/wp\/v2\/types\/page"}],"author":[{"embeddable":true,"href":"https:\/\/sereniorizzonti.it\/it\/wp-json\/wp\/v2\/users\/1"}],"replies":[{"embeddable":true,"href":"https:\/\/sereniorizzonti.it\/it\/wp-json\/wp\/v2\/comments?post=29889"}],"version-history":[{"count":9,"href":"https:\/\/sereniorizzonti.it\/it\/wp-json\/wp\/v2\/pages\/29889\/revisions"}],"predecessor-version":[{"id":41461,"href":"https:\/\/sereniorizzonti.it\/it\/wp-json\/wp\/v2\/pages\/29889\/revisions\/41461"}],"wp:attachment":[{"href":"https:\/\/sereniorizzonti.it\/it\/wp-json\/wp\/v2\/media?parent=29889"}],"curies":[{"name":"wp","href":"https:\/\/api.w.org\/{rel}","templated":true}]}}