{"id":32478,"date":"2024-08-05T18:34:41","date_gmt":"2024-08-05T16:34:41","guid":{"rendered":"https:\/\/sereniorizzonti.it\/?page_id=32478"},"modified":"2024-10-01T19:10:55","modified_gmt":"2024-10-01T17:10:55","slug":"work-on-time","status":"publish","type":"page","link":"https:\/\/sereniorizzonti.it\/es\/work-on-time\/","title":{"rendered":"Work On Time"},"content":{"rendered":"<div data-elementor-type=\"wp-page\" data-elementor-id=\"32478\" class=\"elementor elementor-32478\" data-elementor-post-type=\"page\">\n\t\t\t\t\t\t<section data-particle_enable=\"false\" data-particle-mobile-disabled=\"false\" class=\"elementor-section elementor-top-section elementor-element elementor-element-b52d1bc elementor-section-content-bottom elementor-section-boxed elementor-section-height-default elementor-section-height-default\" data-id=\"b52d1bc\" data-element_type=\"section\" data-settings=\"{&quot;background_background&quot;:&quot;classic&quot;}\">\n\t\t\t\t\t\t\t<div class=\"elementor-background-overlay\"><\/div>\n\t\t\t\t\t\t\t<div class=\"elementor-container elementor-column-gap-custom\">\n\t\t\t\t\t<div class=\"elementor-column elementor-col-100 elementor-top-column elementor-element elementor-element-415e6ef elementor-invisible\" data-id=\"415e6ef\" data-element_type=\"column\" data-settings=\"{&quot;animation&quot;:&quot;fadeIn&quot;}\">\n\t\t\t<div class=\"elementor-widget-wrap elementor-element-populated\">\n\t\t\t\t\t\t<section data-particle_enable=\"false\" data-particle-mobile-disabled=\"false\" class=\"elementor-section elementor-inner-section elementor-element elementor-element-d9c4fe5 elementor-section-boxed elementor-section-height-default elementor-section-height-default\" data-id=\"d9c4fe5\" data-element_type=\"section\">\n\t\t\t\t\t\t<div class=\"elementor-container elementor-column-gap-default\">\n\t\t\t\t\t<div class=\"elementor-column elementor-col-100 elementor-inner-column elementor-element elementor-element-244cf97\" data-id=\"244cf97\" data-element_type=\"column\">\n\t\t\t<div class=\"elementor-widget-wrap elementor-element-populated\">\n\t\t\t\t\t\t<div class=\"elementor-element elementor-element-11a749d elementor-widget elementor-widget-text-editor\" data-id=\"11a749d\" data-element_type=\"widget\" data-widget_type=\"text-editor.default\">\n\t\t\t\t<div class=\"elementor-widget-container\">\n\t\t\t\t\t\t\t\t\t<p>Work On Time<\/p>\t\t\t\t\t\t\t\t<\/div>\n\t\t\t\t<\/div>\n\t\t\t\t<div class=\"elementor-element elementor-element-9291f13 elementor-widget elementor-widget-text-editor\" data-id=\"9291f13\" data-element_type=\"widget\" data-widget_type=\"text-editor.default\">\n\t\t\t\t<div class=\"elementor-widget-container\">\n\t\t\t\t\t\t\t\t\t<p>Work On Time es la primera y \u00fanica agencia de empleo generalista con sede en Friuli Venezia-Giulia. Fundada en 2019, es una de las filiales de S.O. Holding S.p.a.<\/p><p>Work on Time Spa est\u00e1 cualificada en administraci\u00f3n laboral, b\u00fasqueda y selecci\u00f3n de personal, subcontrataci\u00f3n y apoyo en casos de deslocalizaci\u00f3n. La empresa de Udine opta por un enfoque orientado a la sostenibilidad social corporativa, ofreciendo transparencia, seguridad, cumplimiento de la normativa y empoderamiento de los trabajadores.<\/p><p>La importancia de la adecuaci\u00f3n laboral entre empresas y trabajadores, practicada por Work On Time, se ha convertido cada vez m\u00e1s en un aspecto clave. Desde el mundo industrial, que busca trabajadores cualificados, hasta el sector de la restauraci\u00f3n o la sanidad, la b\u00fasqueda de figuras especializadas y la gesti\u00f3n flexible de la mano de obra contribuyen significativamente a la competitividad de las empresas.<\/p><p>Hoy cuenta con 14 sucursales repartidas por casi toda Italia: adem\u00e1s de las de Udine, Pordenone y Codroipo, hay sucursales en Sesto San Giovanni, Monza-Brianza, Catania y Sicilia Oriental, Montebelluna, Piacenza, Tur\u00edn, Pesaro, Fano, R\u00edmini y Bolonia.<\/p><p>Las \u00faltimas sucursales activas, en septiembre de 2024, son las de Lamezia Terme en Calabria, Pieve di Soligo en V\u00e9neto y Lucca en Toscana.<\/p><p>El crecimiento en los a\u00f1os 2021, 2022 y 2023 fue siempre de dos d\u00edgitos. En concreto, Work On Time creci\u00f3 28% en 2023 respecto a 2022. Work On Time pretende crecer en los pr\u00f3ximos tres a\u00f1os en todo el pa\u00eds duplicando el n\u00famero de sucursales, generando nuevos empleos gracias a una empresa joven, competitiva y din\u00e1mica. \u00a0<\/p><p>Consulte el sitio web Work On Time: <a style=\"color: red;\" href=\"https:\/\/www.work-ontime.it\/\" target=\"_blank\" rel=\"noopener\">https:\/\/www.work-ontime.it\/<\/a><\/p>\t\t\t\t\t\t\t\t<\/div>\n\t\t\t\t<\/div>\n\t\t\t\t<div class=\"elementor-element elementor-element-f7f9136 elementor-widget elementor-widget-image\" data-id=\"f7f9136\" data-element_type=\"widget\" data-widget_type=\"image.default\">\n\t\t\t\t<div class=\"elementor-widget-container\">\n\t\t\t\t\t\t\t\t\t\t\t\t\t\t\t<img fetchpriority=\"high\" decoding=\"async\" width=\"1920\" height=\"1080\" src=\"https:\/\/sereniorizzonti.it\/wp-content\/uploads\/2024\/09\/WorkOnTime.png\" class=\"attachment-full size-full wp-image-34358\" alt=\"\" srcset=\"https:\/\/sereniorizzonti.it\/wp-content\/uploads\/2024\/09\/WorkOnTime.png 1920w, https:\/\/sereniorizzonti.it\/wp-content\/uploads\/2024\/09\/WorkOnTime-300x169.png 300w, https:\/\/sereniorizzonti.it\/wp-content\/uploads\/2024\/09\/WorkOnTime-1024x576.png 1024w, https:\/\/sereniorizzonti.it\/wp-content\/uploads\/2024\/09\/WorkOnTime-768x432.png 768w, https:\/\/sereniorizzonti.it\/wp-content\/uploads\/2024\/09\/WorkOnTime-1536x864.png 1536w, https:\/\/sereniorizzonti.it\/wp-content\/uploads\/2024\/09\/WorkOnTime-18x10.png 18w\" sizes=\"(max-width: 1920px) 100vw, 1920px\" \/>\t\t\t\t\t\t\t\t\t\t\t\t\t\t\t<\/div>\n\t\t\t\t<\/div>\n\t\t\t\t\t<\/div>\n\t\t<\/div>\n\t\t\t\t\t<\/div>\n\t\t<\/section>\n\t\t\t\t\t<\/div>\n\t\t<\/div>\n\t\t\t\t\t<\/div>\n\t\t<\/section>\n\t\t\t\t<section data-particle_enable=\"false\" data-particle-mobile-disabled=\"false\" class=\"elementor-section elementor-top-section elementor-element elementor-element-b84f09b elementor-section-content-middle elementor-section-full_width elementor-section-height-default elementor-section-height-default\" data-id=\"b84f09b\" data-element_type=\"section\" data-settings=\"{&quot;background_background&quot;:&quot;classic&quot;}\">\n\t\t\t\t\t\t\t<div class=\"elementor-background-overlay\"><\/div>\n\t\t\t\t\t\t\t<div class=\"elementor-container elementor-column-gap-custom\">\n\t\t\t\t\t<div class=\"elementor-column elementor-col-100 elementor-top-column elementor-element elementor-element-fa8d930\" data-id=\"fa8d930\" data-element_type=\"column\">\n\t\t\t<div class=\"elementor-widget-wrap elementor-element-populated\">\n\t\t\t\t\t\t<section data-particle_enable=\"false\" data-particle-mobile-disabled=\"false\" class=\"elementor-section elementor-inner-section elementor-element elementor-element-f84b637 elementor-section-full_width elementor-section-height-min-height elementor-section-height-default elementor-invisible\" data-id=\"f84b637\" data-element_type=\"section\" data-settings=\"{&quot;animation&quot;:&quot;fadeIn&quot;,&quot;background_background&quot;:&quot;classic&quot;}\">\n\t\t\t\t\t\t<div class=\"elementor-container elementor-column-gap-no\">\n\t\t\t\t\t<div class=\"elementor-column elementor-col-100 elementor-inner-column elementor-element elementor-element-cdf8cd9\" data-id=\"cdf8cd9\" data-element_type=\"column\">\n\t\t\t<div class=\"elementor-widget-wrap\">\n\t\t\t\t\t\t\t<\/div>\n\t\t<\/div>\n\t\t\t\t\t<\/div>\n\t\t<\/section>\n\t\t\t\t\t<\/div>\n\t\t<\/div>\n\t\t\t\t\t<\/div>\n\t\t<\/section>\n\t\t\t\t<\/div>","protected":false},"excerpt":{"rendered":"<p>Work On Time Work On Time \u00e8 la prima e unica agenzia per il lavoro generalista con sede legale in Friuli Venezia-Giulia. Fondata nel 2019, \u00e8 una delle societ\u00e0 controllate da S.O. Holding S.p.a. Work on Time Spa \u00e8 abilitata alla somministrazione di lavoro, alla ricerca e selezione del personale, all\u2019outsourcing e al supporto necessario [&hellip;]<\/p>","protected":false},"author":1,"featured_media":0,"parent":0,"menu_order":0,"comment_status":"closed","ping_status":"closed","template":"page-templates\/template-full-width-page-without-header-title.php","meta":{"_acf_changed":false,"footnotes":""},"class_list":["post-32478","page","type-page","status-publish","hentry"],"acf":[],"_links":{"self":[{"href":"https:\/\/sereniorizzonti.it\/es\/wp-json\/wp\/v2\/pages\/32478","targetHints":{"allow":["GET"]}}],"collection":[{"href":"https:\/\/sereniorizzonti.it\/es\/wp-json\/wp\/v2\/pages"}],"about":[{"href":"https:\/\/sereniorizzonti.it\/es\/wp-json\/wp\/v2\/types\/page"}],"author":[{"embeddable":true,"href":"https:\/\/sereniorizzonti.it\/es\/wp-json\/wp\/v2\/users\/1"}],"replies":[{"embeddable":true,"href":"https:\/\/sereniorizzonti.it\/es\/wp-json\/wp\/v2\/comments?post=32478"}],"version-history":[{"count":3,"href":"https:\/\/sereniorizzonti.it\/es\/wp-json\/wp\/v2\/pages\/32478\/revisions"}],"predecessor-version":[{"id":41343,"href":"https:\/\/sereniorizzonti.it\/es\/wp-json\/wp\/v2\/pages\/32478\/revisions\/41343"}],"wp:attachment":[{"href":"https:\/\/sereniorizzonti.it\/es\/wp-json\/wp\/v2\/media?parent=32478"}],"curies":[{"name":"wp","href":"https:\/\/api.w.org\/{rel}","templated":true}]}}