{"id":32308,"date":"2024-07-22T10:50:47","date_gmt":"2024-07-22T08:50:47","guid":{"rendered":"https:\/\/sereniorizzonti.it\/?page_id=32308"},"modified":"2024-09-11T15:59:31","modified_gmt":"2024-09-11T13:59:31","slug":"3amilano","status":"publish","type":"page","link":"https:\/\/sereniorizzonti.it\/es\/3amilano\/","title":{"rendered":"3AMil\u00e1n"},"content":{"rendered":"<div data-elementor-type=\"wp-page\" data-elementor-id=\"32308\" class=\"elementor elementor-32308\" data-elementor-post-type=\"page\">\n\t\t\t\t\t\t<section data-particle_enable=\"false\" data-particle-mobile-disabled=\"false\" class=\"elementor-section elementor-top-section elementor-element elementor-element-b52d1bc elementor-section-content-bottom elementor-section-boxed elementor-section-height-default elementor-section-height-default\" data-id=\"b52d1bc\" data-element_type=\"section\" data-settings=\"{&quot;background_background&quot;:&quot;classic&quot;}\">\n\t\t\t\t\t\t\t<div class=\"elementor-background-overlay\"><\/div>\n\t\t\t\t\t\t\t<div class=\"elementor-container elementor-column-gap-custom\">\n\t\t\t\t\t<div class=\"elementor-column elementor-col-100 elementor-top-column elementor-element elementor-element-415e6ef elementor-invisible\" data-id=\"415e6ef\" data-element_type=\"column\" data-settings=\"{&quot;animation&quot;:&quot;fadeIn&quot;}\">\n\t\t\t<div class=\"elementor-widget-wrap elementor-element-populated\">\n\t\t\t\t\t\t<section data-particle_enable=\"false\" data-particle-mobile-disabled=\"false\" class=\"elementor-section elementor-inner-section elementor-element elementor-element-d9c4fe5 elementor-section-boxed elementor-section-height-default elementor-section-height-default\" data-id=\"d9c4fe5\" data-element_type=\"section\">\n\t\t\t\t\t\t<div class=\"elementor-container elementor-column-gap-default\">\n\t\t\t\t\t<div class=\"elementor-column elementor-col-100 elementor-inner-column elementor-element elementor-element-244cf97\" data-id=\"244cf97\" data-element_type=\"column\">\n\t\t\t<div class=\"elementor-widget-wrap elementor-element-populated\">\n\t\t\t\t\t\t<div class=\"elementor-element elementor-element-11a749d elementor-widget elementor-widget-text-editor\" data-id=\"11a749d\" data-element_type=\"widget\" data-widget_type=\"text-editor.default\">\n\t\t\t\t<div class=\"elementor-widget-container\">\n\t\t\t\t\t\t\t\t\t<p>3AMil\u00e1n<\/p>\t\t\t\t\t\t\t\t<\/div>\n\t\t\t\t<\/div>\n\t\t\t\t<div class=\"elementor-element elementor-element-7935d61 elementor-widget elementor-widget-text-editor\" data-id=\"7935d61\" data-element_type=\"widget\" data-widget_type=\"text-editor.default\">\n\t\t\t\t<div class=\"elementor-widget-container\">\n\t\t\t\t\t\t\t\t\tNo s\u00f3lo Sereni Orizzonti\t\t\t\t\t\t\t\t<\/div>\n\t\t\t\t<\/div>\n\t\t\t\t<div class=\"elementor-element elementor-element-9291f13 elementor-widget elementor-widget-text-editor\" data-id=\"9291f13\" data-element_type=\"widget\" data-widget_type=\"text-editor.default\">\n\t\t\t\t<div class=\"elementor-widget-container\">\n\t\t\t\t\t\t\t\t\t<p>3AMilano Srl, fundada en 2018, es una de las filiales de S.O. Holding S.p.a. Se ocupa de la promoci\u00f3n inmobiliaria y de la gesti\u00f3n de Residencias Sociosanitarias para personas mayores, prestando servicios de asistencia cualificada a la Tercera Edad. Con el tiempo, la empresa ha desarrollado competencias y experiencia que la califican como uno de los operadores de excelencia en el sector sociom\u00e9dico. Para 3A Milano es importante situar a la persona en el centro, enfatizando al m\u00e1ximo el mantenimiento de una relaci\u00f3n constante entre el hu\u00e9sped, la familia y todos los cuidadores, con el fin de crear un contexto de plena colaboraci\u00f3n con toda la red de servicios asistenciales.<\/p><p>El personal de la empresa est\u00e1 formado por profesionales con gran experiencia, m\u00e9dicos, enfermeros y trabajadores sociales, por lo que puede garantizar excelentes niveles de calidad.<\/p><p>La empresa gestiona seis RSA en Piamonte y Lombard\u00eda, con un total de 560 camas. Se trata de Rsa \"Le Ninfee\" en San Gillio (Tur\u00edn, 80 camas), Rsa \"La Loggia\" en La Loggia (Tur\u00edn, 120 camas), Rsa \"I Mulini\" en Lambrate (Mil\u00e1n, 80 camas), Rsa \"Dott. Mario Celesia\" en Borgo Ticino (Novara, 80 camas), Rsa \"Don Luigi Tronzano\" en Torrazza Piemonte (Tur\u00edn, 120 camas) y Rsa \"La Quercia\" en Borgo D'Ale (Vercelli, 110 camas).<br \/>3AMilano est\u00e1 terminando actualmente la Rsa de Sizzano (Novara, 100 camas) y dos residencias sociom\u00e9dicas en Collegno (Tur\u00edn), para otras 240 camas.<\/p><p>La obra de la residencia de ancianos que se construir\u00e1 en Asti (100 camas) y la RSA de Garbagna Novarese (80 camas) est\u00e1n en fase de puesta en marcha.<\/p><p>En 2025, 3AMilano contar\u00e1 por tanto con 930 camas operativas, que aumentar\u00e1n a 1130 entre 2026 y 2027.<\/p><p>Tambi\u00e9n supone 270 camas, activas y en funcionamiento, adquiridas en el mercado entre 2025 y 2027. El objetivo para 2027 es, por tanto, de 1.400 camas, situadas en el noroeste de Italia, es decir, en la zona de mayor renta per c\u00e1pita.<\/p>\t\t\t\t\t\t\t\t<\/div>\n\t\t\t\t<\/div>\n\t\t\t\t\t<\/div>\n\t\t<\/div>\n\t\t\t\t\t<\/div>\n\t\t<\/section>\n\t\t\t\t<div class=\"elementor-element elementor-element-afefffd elementor-widget elementor-widget-image\" data-id=\"afefffd\" data-element_type=\"widget\" data-widget_type=\"image.default\">\n\t\t\t\t<div class=\"elementor-widget-container\">\n\t\t\t\t\t\t\t\t\t\t\t\t\t\t\t<img fetchpriority=\"high\" decoding=\"async\" width=\"1920\" height=\"1440\" src=\"https:\/\/sereniorizzonti.it\/wp-content\/uploads\/2024\/09\/Torrazza-1.jpg\" class=\"attachment-full size-full wp-image-34351\" alt=\"\" srcset=\"https:\/\/sereniorizzonti.it\/wp-content\/uploads\/2024\/09\/Torrazza-1.jpg 1920w, https:\/\/sereniorizzonti.it\/wp-content\/uploads\/2024\/09\/Torrazza-1-300x225.jpg 300w, https:\/\/sereniorizzonti.it\/wp-content\/uploads\/2024\/09\/Torrazza-1-1024x768.jpg 1024w, https:\/\/sereniorizzonti.it\/wp-content\/uploads\/2024\/09\/Torrazza-1-768x576.jpg 768w, https:\/\/sereniorizzonti.it\/wp-content\/uploads\/2024\/09\/Torrazza-1-1536x1152.jpg 1536w, https:\/\/sereniorizzonti.it\/wp-content\/uploads\/2024\/09\/Torrazza-1-16x12.jpg 16w\" sizes=\"(max-width: 1920px) 100vw, 1920px\" \/>\t\t\t\t\t\t\t\t\t\t\t\t\t\t\t<\/div>\n\t\t\t\t<\/div>\n\t\t\t\t<div class=\"elementor-element elementor-element-d01e1d3 elementor-widget elementor-widget-text-editor\" data-id=\"d01e1d3\" data-element_type=\"widget\" data-widget_type=\"text-editor.default\">\n\t\t\t\t<div class=\"elementor-widget-container\">\n\t\t\t\t\t\t\t\t\t<p><em>Rsa 'Don Luigi Tronzano', Torrazza (Piamonte)<\/em><\/p>\t\t\t\t\t\t\t\t<\/div>\n\t\t\t\t<\/div>\n\t\t\t\t<div class=\"elementor-element elementor-element-3792ef5 elementor-widget elementor-widget-spacer\" data-id=\"3792ef5\" data-element_type=\"widget\" data-widget_type=\"spacer.default\">\n\t\t\t\t<div class=\"elementor-widget-container\">\n\t\t\t\t\t\t\t<div class=\"elementor-spacer\">\n\t\t\t<div class=\"elementor-spacer-inner\"><\/div>\n\t\t<\/div>\n\t\t\t\t\t\t<\/div>\n\t\t\t\t<\/div>\n\t\t\t\t\t<\/div>\n\t\t<\/div>\n\t\t\t\t\t<\/div>\n\t\t<\/section>\n\t\t\t\t<section data-particle_enable=\"false\" data-particle-mobile-disabled=\"false\" class=\"elementor-section elementor-top-section elementor-element elementor-element-fee6234 elementor-section-content-middle elementor-section-full_width elementor-section-height-default elementor-section-height-default\" data-id=\"fee6234\" data-element_type=\"section\" data-settings=\"{&quot;background_background&quot;:&quot;classic&quot;}\">\n\t\t\t\t\t\t\t<div class=\"elementor-background-overlay\"><\/div>\n\t\t\t\t\t\t\t<div class=\"elementor-container elementor-column-gap-custom\">\n\t\t\t\t\t<div class=\"elementor-column elementor-col-100 elementor-top-column elementor-element elementor-element-d602889\" data-id=\"d602889\" data-element_type=\"column\">\n\t\t\t<div class=\"elementor-widget-wrap elementor-element-populated\">\n\t\t\t\t\t\t<section data-particle_enable=\"false\" data-particle-mobile-disabled=\"false\" class=\"elementor-section elementor-inner-section elementor-element elementor-element-e8f1638 elementor-section-full_width elementor-section-height-min-height elementor-section-height-default elementor-invisible\" data-id=\"e8f1638\" data-element_type=\"section\" data-settings=\"{&quot;animation&quot;:&quot;fadeIn&quot;,&quot;background_background&quot;:&quot;classic&quot;}\">\n\t\t\t\t\t\t<div class=\"elementor-container elementor-column-gap-no\">\n\t\t\t\t\t<div class=\"elementor-column elementor-col-100 elementor-inner-column elementor-element elementor-element-c69f63f\" data-id=\"c69f63f\" data-element_type=\"column\">\n\t\t\t<div class=\"elementor-widget-wrap\">\n\t\t\t\t\t\t\t<\/div>\n\t\t<\/div>\n\t\t\t\t\t<\/div>\n\t\t<\/section>\n\t\t\t\t\t<\/div>\n\t\t<\/div>\n\t\t\t\t\t<\/div>\n\t\t<\/section>\n\t\t\t\t<\/div>","protected":false},"excerpt":{"rendered":"<p>3AMilano No solo Sereni Orizzonti 3AMilano Srl, fundada en 2018, es una de las filiales de S.O. Holding S.p.a. Se ocupa del desarrollo inmobiliario y de la gesti\u00f3n de Residencias Sociosanitarias para personas mayores, prestando servicios de asistencia cualificada a la Tercera Edad. La empresa ha desarrollado a lo largo del tiempo competencias y experiencia que la califican entre los operadores de excelencia en el [...]<\/p>","protected":false},"author":1,"featured_media":0,"parent":0,"menu_order":0,"comment_status":"closed","ping_status":"closed","template":"page-templates\/template-full-width-page-without-header-title.php","meta":{"_acf_changed":false,"footnotes":""},"class_list":["post-32308","page","type-page","status-publish","hentry"],"acf":[],"_links":{"self":[{"href":"https:\/\/sereniorizzonti.it\/es\/wp-json\/wp\/v2\/pages\/32308","targetHints":{"allow":["GET"]}}],"collection":[{"href":"https:\/\/sereniorizzonti.it\/es\/wp-json\/wp\/v2\/pages"}],"about":[{"href":"https:\/\/sereniorizzonti.it\/es\/wp-json\/wp\/v2\/types\/page"}],"author":[{"embeddable":true,"href":"https:\/\/sereniorizzonti.it\/es\/wp-json\/wp\/v2\/users\/1"}],"replies":[{"embeddable":true,"href":"https:\/\/sereniorizzonti.it\/es\/wp-json\/wp\/v2\/comments?post=32308"}],"version-history":[{"count":0,"href":"https:\/\/sereniorizzonti.it\/es\/wp-json\/wp\/v2\/pages\/32308\/revisions"}],"wp:attachment":[{"href":"https:\/\/sereniorizzonti.it\/es\/wp-json\/wp\/v2\/media?parent=32308"}],"curies":[{"name":"wp","href":"https:\/\/api.w.org\/{rel}","templated":true}]}}