{"id":31166,"date":"2024-05-27T18:18:29","date_gmt":"2024-05-27T16:18:29","guid":{"rendered":"https:\/\/sereniorizzonti.it\/?page_id=31166"},"modified":"2024-09-09T22:17:19","modified_gmt":"2024-09-09T20:17:19","slug":"privacy-policy","status":"publish","type":"page","link":"https:\/\/sereniorizzonti.it\/es\/privacy-policy\/","title":{"rendered":"Pol\u00edtica de privacidad"},"content":{"rendered":"<div data-elementor-type=\"wp-page\" data-elementor-id=\"31166\" class=\"elementor elementor-31166\" data-elementor-post-type=\"page\">\n\t\t\t\t\t\t<section data-particle_enable=\"false\" data-particle-mobile-disabled=\"false\" class=\"elementor-section elementor-top-section elementor-element elementor-element-b52d1bc elementor-section-content-bottom elementor-section-boxed elementor-section-height-default elementor-section-height-default\" data-id=\"b52d1bc\" data-element_type=\"section\" data-settings=\"{&quot;background_background&quot;:&quot;classic&quot;}\">\n\t\t\t\t\t\t\t<div class=\"elementor-background-overlay\"><\/div>\n\t\t\t\t\t\t\t<div class=\"elementor-container elementor-column-gap-custom\">\n\t\t\t\t\t<div class=\"elementor-column elementor-col-100 elementor-top-column elementor-element elementor-element-415e6ef elementor-invisible\" data-id=\"415e6ef\" data-element_type=\"column\" data-settings=\"{&quot;animation&quot;:&quot;fadeIn&quot;}\">\n\t\t\t<div class=\"elementor-widget-wrap elementor-element-populated\">\n\t\t\t\t\t\t<section data-particle_enable=\"false\" data-particle-mobile-disabled=\"false\" class=\"elementor-section elementor-inner-section elementor-element elementor-element-d9c4fe5 elementor-section-boxed elementor-section-height-default elementor-section-height-default\" data-id=\"d9c4fe5\" data-element_type=\"section\">\n\t\t\t\t\t\t<div class=\"elementor-container elementor-column-gap-default\">\n\t\t\t\t\t<div class=\"elementor-column elementor-col-100 elementor-inner-column elementor-element elementor-element-244cf97\" data-id=\"244cf97\" data-element_type=\"column\">\n\t\t\t<div class=\"elementor-widget-wrap elementor-element-populated\">\n\t\t\t\t\t\t<div class=\"elementor-element elementor-element-34b7632 elementor-widget elementor-widget-text-editor\" data-id=\"34b7632\" data-element_type=\"widget\" data-widget_type=\"text-editor.default\">\n\t\t\t\t<div class=\"elementor-widget-container\">\n\t\t\t\t\t\t\t\t\t<p>Pol\u00edtica de privacidad<\/p>\t\t\t\t\t\t\t\t<\/div>\n\t\t\t\t<\/div>\n\t\t\t\t<div class=\"elementor-element elementor-element-f30c8be elementor-widget elementor-widget-text-editor\" data-id=\"f30c8be\" data-element_type=\"widget\" data-widget_type=\"text-editor.default\">\n\t\t\t\t<div class=\"elementor-widget-container\">\n\t\t\t\t\t\t\t\t\t<p>En cumplimiento de las obligaciones derivadas de la legislaci\u00f3n nacional (Decreto Legislativo n. 196 de 30 de junio de 2003, c\u00f3digo de protecci\u00f3n de datos personales) y comunitaria (reglamento europeo 2016\/679, gdpr) y posteriores modificaciones, este sitio respeta y protege la confidencialidad de los visitantes y usuarios, haciendo todo lo posible y proporcionado para no infringir los derechos de los usuarios.<br \/>Esta pol\u00edtica de privacidad se aplica exclusivamente a las actividades en l\u00ednea de este sitio web y es v\u00e1lida para los visitantes\/usuarios del sitio web. No se aplica a la informaci\u00f3n recogida a trav\u00e9s de canales distintos de este sitio web. El objetivo de la pol\u00edtica de privacidad es ofrecer la m\u00e1xima transparencia en relaci\u00f3n con la informaci\u00f3n que el sitio web recopila y c\u00f3mo la utiliza.<\/p>\t\t\t\t\t\t\t\t<\/div>\n\t\t\t\t<\/div>\n\t\t\t\t<div class=\"elementor-element elementor-element-5bde1e6 elementor-widget elementor-widget-text-editor\" data-id=\"5bde1e6\" data-element_type=\"widget\" data-widget_type=\"text-editor.default\">\n\t\t\t\t<div class=\"elementor-widget-container\">\n\t\t\t\t\t\t\t\t\t<p>Base jur\u00eddica del tratamiento<\/p>\t\t\t\t\t\t\t\t<\/div>\n\t\t\t\t<\/div>\n\t\t\t\t<div class=\"elementor-element elementor-element-38ef6e0 elementor-widget elementor-widget-text-editor\" data-id=\"38ef6e0\" data-element_type=\"widget\" data-widget_type=\"text-editor.default\">\n\t\t\t\t<div class=\"elementor-widget-container\">\n\t\t\t\t\t\t\t\t\t<p>Este sitio procesa datos sobre la base del consentimiento. Al utilizar o consultar este sitio, los visitantes y usuarios aprueban expl\u00edcitamente esta pol\u00edtica de privacidad y consienten el tratamiento de sus datos personales en la forma y para los fines descritos a continuaci\u00f3n, incluida cualquier divulgaci\u00f3n a terceros necesaria para la prestaci\u00f3n de un servicio.<br \/>El suministro de datos y, por tanto, el consentimiento para la recopilaci\u00f3n y el tratamiento de los mismos es opcional; el usuario puede negar su consentimiento y revocarlo en cualquier momento (a trav\u00e9s del enlace de contacto situado en la parte inferior de la p\u00e1gina).<\/p>\t\t\t\t\t\t\t\t<\/div>\n\t\t\t\t<\/div>\n\t\t\t\t<div class=\"elementor-element elementor-element-367a758 elementor-widget elementor-widget-text-editor\" data-id=\"367a758\" data-element_type=\"widget\" data-widget_type=\"text-editor.default\">\n\t\t\t\t<div class=\"elementor-widget-container\">\n\t\t\t\t\t\t\t\t\t<p>Datos recogidos y finalidad<\/p>\t\t\t\t\t\t\t\t<\/div>\n\t\t\t\t<\/div>\n\t\t\t\t<div class=\"elementor-element elementor-element-82a6588 elementor-widget elementor-widget-text-editor\" data-id=\"82a6588\" data-element_type=\"widget\" data-widget_type=\"text-editor.default\">\n\t\t\t\t<div class=\"elementor-widget-container\">\n\t\t\t\t\t\t\t\t\t<p>Como todos los sitios web, este sitio tambi\u00e9n hace uso de archivos de registro en los que se almacena la informaci\u00f3n recopilada autom\u00e1ticamente durante las visitas de los usuarios. La informaci\u00f3n recogida puede ser la siguiente:<\/p>\n<ul>\n<li>Direcci\u00f3n de Protocolo de Internet (IP);<\/li>\n<li>Tipo de navegador y par\u00e1metros del dispositivo utilizado para conectarse al sitio;<\/li>\n<li>Nombre del proveedor de servicios de Internet (PSI);<\/li>\n<li>Fecha y hora de la visita;<\/li>\n<li>P\u00e1ginas web de origen (de referencia) y de salida del visitante;<\/li>\n<li>Posiblemente el n\u00famero de clics.<\/li>\n<\/ul>\n<p>Esta informaci\u00f3n se procesa autom\u00e1ticamente y se recoge de forma exclusivamente agregada y seudonimizada con el fin de verificar el correcto funcionamiento del sitio y por razones de seguridad; esta informaci\u00f3n se procesar\u00e1 de acuerdo con los intereses leg\u00edtimos del propietario.<\/p>\n<p>Por motivos de seguridad (filtros antispam, cortafuegos, detecci\u00f3n de virus), los datos registrados autom\u00e1ticamente pueden incluir tambi\u00e9n datos personales como la direcci\u00f3n IP, que podr\u00eda utilizarse, de conformidad con la legislaci\u00f3n vigente en la materia, para bloquear intentos de da\u00f1ar el propio sitio o de causar da\u00f1os a otros usuarios, o en cualquier caso actividades perjudiciales o delictivas. Dichos datos nunca se utilizan para la identificaci\u00f3n del usuario o la elaboraci\u00f3n de perfiles, sino \u00fanicamente con el fin de proteger el sitio y a sus usuarios; dicha informaci\u00f3n se procesa de acuerdo con los intereses leg\u00edtimos del propietario.<\/p>\n<p>En el caso de servicios espec\u00edficos solicitados por el usuario, el sitio recoge y registra determinados datos de identificaci\u00f3n del usuario, incluida su direcci\u00f3n de correo electr\u00f3nico. Estos datos se entienden facilitados voluntariamente por el usuario al solicitar el servicio (solicitud de informaci\u00f3n). Al enviar la solicitud de informaci\u00f3n, el usuario acepta la pol\u00edtica de privacidad y consiente que los contenidos introducidos puedan ser cedidos libremente a terceros para las finalidades expresadas.<\/p>\n<p>Los datos recibidos se utilizar\u00e1n exclusivamente para la prestaci\u00f3n del servicio solicitado y s\u00f3lo durante el tiempo necesario para la prestaci\u00f3n del servicio.<\/p>\n<p>La informaci\u00f3n que los usuarios del sitio decidan hacer p\u00fablica a trav\u00e9s de los servicios y herramientas puestos a su disposici\u00f3n es facilitada por el usuario de forma consciente y voluntaria, eximiendo a este sitio de cualquier responsabilidad por cualquier infracci\u00f3n de la ley. Corresponde al usuario verificar que dispone de los permisos necesarios para introducir datos personales de terceros o contenidos protegidos por la normativa nacional e internacional.<\/p>\n<p>Los datos recogidos por el sitio durante su funcionamiento se utilizan exclusivamente para los fines indicados anteriormente y se conservan durante el tiempo estrictamente necesario para llevar a cabo las actividades especificadas. En cualquier caso, los datos recogidos por el sitio nunca ser\u00e1n proporcionados a terceros, por ning\u00fan motivo, a menos que se trate de una solicitud leg\u00edtima por parte de una autoridad judicial y s\u00f3lo en los casos previstos por la ley.<\/p>\n<p>Los datos utilizados con fines de seguridad (bloqueo de intentos de da\u00f1ar el sitio) se almacenan durante 7 d\u00edas.<\/p>\t\t\t\t\t\t\t\t<\/div>\n\t\t\t\t<\/div>\n\t\t\t\t<div class=\"elementor-element elementor-element-5d38d23 elementor-widget elementor-widget-text-editor\" data-id=\"5d38d23\" data-element_type=\"widget\" data-widget_type=\"text-editor.default\">\n\t\t\t\t<div class=\"elementor-widget-container\">\n\t\t\t\t\t\t\t\t\t<p>Lugar de transformaci\u00f3n<\/p>\t\t\t\t\t\t\t\t<\/div>\n\t\t\t\t<\/div>\n\t\t\t\t<div class=\"elementor-element elementor-element-7db8e76 elementor-widget elementor-widget-text-editor\" data-id=\"7db8e76\" data-element_type=\"widget\" data-widget_type=\"text-editor.default\">\n\t\t\t\t<div class=\"elementor-widget-container\">\n\t\t\t\t\t\t\t\t\t<p>Los datos recogidos en el sitio son tratados por el Responsable del Tratamiento, con sede en Via Vittorio Veneto, 45 Udine (UD), y son tratados \u00fanicamente por personal t\u00e9cnico autorizado para el tratamiento de los mismos, o por encargados de operaciones ocasionales de mantenimiento.<\/p>\t\t\t\t\t\t\t\t<\/div>\n\t\t\t\t<\/div>\n\t\t\t\t<div class=\"elementor-element elementor-element-03cf6de elementor-widget elementor-widget-text-editor\" data-id=\"03cf6de\" data-element_type=\"widget\" data-widget_type=\"text-editor.default\">\n\t\t\t\t<div class=\"elementor-widget-container\">\n\t\t\t\t\t\t\t\t\t<p>Transferencia de datos a pa\u00edses no pertenecientes a la UE<\/p>\t\t\t\t\t\t\t\t<\/div>\n\t\t\t\t<\/div>\n\t\t\t\t<div class=\"elementor-element elementor-element-cc95305 elementor-widget elementor-widget-text-editor\" data-id=\"cc95305\" data-element_type=\"widget\" data-widget_type=\"text-editor.default\">\n\t\t\t\t<div class=\"elementor-widget-container\">\n\t\t\t\t\t\t\t\t\t<p>Este sitio puede compartir algunos de los datos recopilados con servicios ubicados fuera de la Uni\u00f3n Europea. La transferencia est\u00e1 autorizada sobre la base de decisiones espec\u00edficas de la Uni\u00f3n Europea y de la Autoridad de Protecci\u00f3n de Datos, en particular la Decisi\u00f3n 1250\/2016 (escudo de privacidad), por lo que no se requiere ning\u00fan otro consentimiento.<\/p>\t\t\t\t\t\t\t\t<\/div>\n\t\t\t\t<\/div>\n\t\t\t\t<div class=\"elementor-element elementor-element-c4cd09e elementor-widget elementor-widget-text-editor\" data-id=\"c4cd09e\" data-element_type=\"widget\" data-widget_type=\"text-editor.default\">\n\t\t\t\t<div class=\"elementor-widget-container\">\n\t\t\t\t\t\t\t\t\t<p>Medidas de seguridad<\/p>\t\t\t\t\t\t\t\t<\/div>\n\t\t\t\t<\/div>\n\t\t\t\t<div class=\"elementor-element elementor-element-becf027 elementor-widget elementor-widget-text-editor\" data-id=\"becf027\" data-element_type=\"widget\" data-widget_type=\"text-editor.default\">\n\t\t\t\t<div class=\"elementor-widget-container\">\n\t\t\t\t\t\t\t\t\t<p>Este sitio procesa los datos de los usuarios de forma l\u00edcita y correcta, adoptando las medidas de seguridad adecuadas para evitar el acceso no autorizado, la divulgaci\u00f3n, la modificaci\u00f3n o la destrucci\u00f3n de los datos. El tratamiento se realiza mediante instrumentos inform\u00e1ticos y\/o telem\u00e1ticos, con modalidades organizativas y l\u00f3gicas estrictamente relacionadas con las finalidades indicadas. Adem\u00e1s del propietario, en algunos casos, pueden tener acceso a los datos categor\u00edas de personas que participan en la organizaci\u00f3n del sitio (administrativos, comerciales, de marketing, jur\u00eddicos, administradores de sistemas) o terceros (como proveedores de servicios t\u00e9cnicos externos, empresas de mensajer\u00eda postal, proveedores de hosting, empresas inform\u00e1ticas, agencias de comunicaci\u00f3n).<\/p>\t\t\t\t\t\t\t\t<\/div>\n\t\t\t\t<\/div>\n\t\t\t\t<div class=\"elementor-element elementor-element-157444c elementor-widget elementor-widget-text-editor\" data-id=\"157444c\" data-element_type=\"widget\" data-widget_type=\"text-editor.default\">\n\t\t\t\t<div class=\"elementor-widget-container\">\n\t\t\t\t\t\t\t\t\t<p>Derechos de los usuarios<\/p>\t\t\t\t\t\t\t\t<\/div>\n\t\t\t\t<\/div>\n\t\t\t\t<div class=\"elementor-element elementor-element-6a05983 elementor-widget elementor-widget-text-editor\" data-id=\"6a05983\" data-element_type=\"widget\" data-widget_type=\"text-editor.default\">\n\t\t\t\t<div class=\"elementor-widget-container\">\n\t\t\t\t\t\t\t\t\t<p>De conformidad con el Reglamento Europeo 2016\/679 (GDPR) y la legislaci\u00f3n nacional, el Usuario podr\u00e1, en la forma y con los l\u00edmites previstos en la legislaci\u00f3n vigente, ejercitar los siguientes derechos:<\/p>\n<ul>\n<li>Solicitar confirmaci\u00f3n de la existencia de datos personales que le conciernan (derecho de acceso);<\/li>\n<li>Conoce su origen;<\/li>\n<li>Recibir una comunicaci\u00f3n inteligible;<\/li>\n<li>Disponer de informaci\u00f3n sobre la l\u00f3gica, los m\u00e9todos y los fines del tratamiento;<\/li>\n<li>Solicitar la actualizaci\u00f3n, rectificaci\u00f3n, integraci\u00f3n, supresi\u00f3n, transformaci\u00f3n en forma an\u00f3nima y bloqueo de los datos tratados en violaci\u00f3n de la ley, incluidos aquellos que ya no sean necesarios para los fines para los que fueron recogidos;<\/li>\n<li>En los casos de tratamiento basado en el consentimiento, recibir, a costa exclusiva de cualquier soporte, sus datos facilitados al responsable del tratamiento, en un formato estructurado, legible por m\u00e1quina y en un formato com\u00fanmente utilizado por un dispositivo electr\u00f3nico;<\/li>\n<li>Derecho a presentar una reclamaci\u00f3n ante la autoridad supervisora (Garante Privacy);<\/li>\n<li>As\u00ed como, de forma m\u00e1s general, ejercer todos los derechos que le reconocen las disposiciones legales aplicables.<\/li>\n<\/ul>\n<p>Las solicitudes deben dirigirse al responsable del tratamiento o al encargado de la protecci\u00f3n de datos.<\/p>\n<p>Cuando el tratamiento de datos se basa en intereses leg\u00edtimos, se garantizan no obstante los derechos del interesado al tratamiento de datos (salvo el derecho a la portabilidad, que no est\u00e1 previsto en la normativa), en particular el derecho a oponerse al tratamiento, que puede ejercerse enviando una solicitud al responsable del tratamiento.<\/p>\t\t\t\t\t\t\t\t<\/div>\n\t\t\t\t<\/div>\n\t\t\t\t<div class=\"elementor-element elementor-element-8beb054 elementor-widget elementor-widget-text-editor\" data-id=\"8beb054\" data-element_type=\"widget\" data-widget_type=\"text-editor.default\">\n\t\t\t\t<div class=\"elementor-widget-container\">\n\t\t\t\t\t\t\t\t\t<p>Controlador y procesador de datos<\/p>\t\t\t\t\t\t\t\t<\/div>\n\t\t\t\t<\/div>\n\t\t\t\t<div class=\"elementor-element elementor-element-6d5b0d3 elementor-widget elementor-widget-text-editor\" data-id=\"6d5b0d3\" data-element_type=\"widget\" data-widget_type=\"text-editor.default\">\n\t\t\t\t<div class=\"elementor-widget-container\">\n\t\t\t\t\t\t\t\t\t<p>El responsable del tratamiento de los datos es gruppo sereni orizzonti, con sede en via Vittorio Veneto, 45 Udine (UD), con quien se puede contactar en +390432506519 y por correo electr\u00f3nico en pec sereniorizzonti.rpd@legalmail.it.<\/p>\t\t\t\t\t\t\t\t<\/div>\n\t\t\t\t<\/div>\n\t\t\t\t\t<\/div>\n\t\t<\/div>\n\t\t\t\t\t<\/div>\n\t\t<\/section>\n\t\t\t\t<div class=\"elementor-element elementor-element-1f1ab11 elementor-widget elementor-widget-spacer\" data-id=\"1f1ab11\" data-element_type=\"widget\" data-widget_type=\"spacer.default\">\n\t\t\t\t<div class=\"elementor-widget-container\">\n\t\t\t\t\t\t\t<div class=\"elementor-spacer\">\n\t\t\t<div class=\"elementor-spacer-inner\"><\/div>\n\t\t<\/div>\n\t\t\t\t\t\t<\/div>\n\t\t\t\t<\/div>\n\t\t\t\t\t<\/div>\n\t\t<\/div>\n\t\t\t\t\t<\/div>\n\t\t<\/section>\n\t\t\t\t<\/div>","protected":false},"excerpt":{"rendered":"<p>Pol\u00edtica de privacidad En cumplimiento de las obligaciones derivadas de la legislaci\u00f3n nacional (decreto legislativo n.\u00ba 196 de 30 de junio de 2003, c\u00f3digo de protecci\u00f3n de datos personales) y comunitaria (reglamento europeo 2016\/679, gdpr) y posteriores modificaciones, este sitio respeta y protege la confidencialidad de los visitantes y usuarios, realizando todos los esfuerzos posibles y proporcionados para [...].<\/p>","protected":false},"author":1,"featured_media":0,"parent":0,"menu_order":0,"comment_status":"closed","ping_status":"closed","template":"page-templates\/template-full-width-page-without-header-title.php","meta":{"_acf_changed":false,"footnotes":""},"class_list":["post-31166","page","type-page","status-publish","hentry"],"acf":[],"_links":{"self":[{"href":"https:\/\/sereniorizzonti.it\/es\/wp-json\/wp\/v2\/pages\/31166","targetHints":{"allow":["GET"]}}],"collection":[{"href":"https:\/\/sereniorizzonti.it\/es\/wp-json\/wp\/v2\/pages"}],"about":[{"href":"https:\/\/sereniorizzonti.it\/es\/wp-json\/wp\/v2\/types\/page"}],"author":[{"embeddable":true,"href":"https:\/\/sereniorizzonti.it\/es\/wp-json\/wp\/v2\/users\/1"}],"replies":[{"embeddable":true,"href":"https:\/\/sereniorizzonti.it\/es\/wp-json\/wp\/v2\/comments?post=31166"}],"version-history":[{"count":0,"href":"https:\/\/sereniorizzonti.it\/es\/wp-json\/wp\/v2\/pages\/31166\/revisions"}],"wp:attachment":[{"href":"https:\/\/sereniorizzonti.it\/es\/wp-json\/wp\/v2\/media?parent=31166"}],"curies":[{"name":"wp","href":"https:\/\/api.w.org\/{rel}","templated":true}]}}