{"id":31140,"date":"2024-05-27T18:10:10","date_gmt":"2024-05-27T16:10:10","guid":{"rendered":"https:\/\/sereniorizzonti.it\/?page_id=31140"},"modified":"2024-09-09T22:14:58","modified_gmt":"2024-09-09T20:14:58","slug":"documentazione-referenziale","status":"publish","type":"page","link":"https:\/\/sereniorizzonti.it\/es\/documentazione-referenziale\/","title":{"rendered":"Documentaci\u00f3n referencial"},"content":{"rendered":"<div data-elementor-type=\"wp-page\" data-elementor-id=\"31140\" class=\"elementor elementor-31140\" data-elementor-post-type=\"page\">\n\t\t\t\t\t\t<section data-particle_enable=\"false\" data-particle-mobile-disabled=\"false\" class=\"elementor-section elementor-top-section elementor-element elementor-element-b52d1bc elementor-section-content-bottom elementor-section-boxed elementor-section-height-default elementor-section-height-default\" data-id=\"b52d1bc\" data-element_type=\"section\" data-settings=\"{&quot;background_background&quot;:&quot;classic&quot;}\">\n\t\t\t\t\t\t\t<div class=\"elementor-background-overlay\"><\/div>\n\t\t\t\t\t\t\t<div class=\"elementor-container elementor-column-gap-custom\">\n\t\t\t\t\t<div class=\"elementor-column elementor-col-100 elementor-top-column elementor-element elementor-element-415e6ef elementor-invisible\" data-id=\"415e6ef\" data-element_type=\"column\" data-settings=\"{&quot;animation&quot;:&quot;fadeIn&quot;}\">\n\t\t\t<div class=\"elementor-widget-wrap elementor-element-populated\">\n\t\t\t\t\t\t<section data-particle_enable=\"false\" data-particle-mobile-disabled=\"false\" class=\"elementor-section elementor-inner-section elementor-element elementor-element-d9c4fe5 elementor-section-boxed elementor-section-height-default elementor-section-height-default\" data-id=\"d9c4fe5\" data-element_type=\"section\">\n\t\t\t\t\t\t<div class=\"elementor-container elementor-column-gap-default\">\n\t\t\t\t\t<div class=\"elementor-column elementor-col-100 elementor-inner-column elementor-element elementor-element-244cf97\" data-id=\"244cf97\" data-element_type=\"column\">\n\t\t\t<div class=\"elementor-widget-wrap elementor-element-populated\">\n\t\t\t\t\t\t<div class=\"elementor-element elementor-element-34b7632 elementor-widget elementor-widget-text-editor\" data-id=\"34b7632\" data-element_type=\"widget\" data-widget_type=\"text-editor.default\">\n\t\t\t\t<div class=\"elementor-widget-container\">\n\t\t\t\t\t\t\t\t\t<p>Documentaci\u00f3n referencial<\/p>\t\t\t\t\t\t\t\t<\/div>\n\t\t\t\t<\/div>\n\t\t\t\t<div class=\"elementor-element elementor-element-f30c8be elementor-widget elementor-widget-text-editor\" data-id=\"f30c8be\" data-element_type=\"widget\" data-widget_type=\"text-editor.default\">\n\t\t\t\t<div class=\"elementor-widget-container\">\n\t\t\t\t\t\t\t\t\t<p>En esta secci\u00f3n se enumeran algunos de nuestros principales documentos y certificaciones de calidad.<\/p>\t\t\t\t\t\t\t\t<\/div>\n\t\t\t\t<\/div>\n\t\t\t\t\t<\/div>\n\t\t<\/div>\n\t\t\t\t\t<\/div>\n\t\t<\/section>\n\t\t\t\t<div class=\"elementor-element elementor-element-d351b1d elementor-widget elementor-widget-ucaddon_content_accordion\" data-id=\"d351b1d\" data-element_type=\"widget\" data-widget_type=\"ucaddon_content_accordion.default\">\n\t\t\t\t<div class=\"elementor-widget-container\">\n\t\t\t\t\t\n<!-- start Content Accordion -->\n\t\t<link id='font-awesome-css' href='https:\/\/sereniorizzonti.it\/wp-content\/plugins\/unlimited-elements-for-elementor-premium-2\/assets_libraries\/font-awesome6\/fontawesome-all.min.css' type='text\/css' rel='stylesheet' >\n\t\t<link id='font-awesome-4-shim-css' href='https:\/\/sereniorizzonti.it\/wp-content\/plugins\/unlimited-elements-for-elementor-premium-2\/assets_libraries\/font-awesome6\/fontawesome-v4-shims.min.css' type='text\/css' rel='stylesheet' >\n\n<style>\/* widget: Content Accordion *\/\n\n\n\n#uc_content_accordion_elementor_d351b1d *{\n  box-sizing: border-box;\n}\n\n#uc_content_accordion_elementor_d351b1d .uc_ac_box\n{\n  overflow:hidden;\n}\n\n#uc_content_accordion_elementor_d351b1d .ue_heading_title\n{\n  margin:0;\n  flex-grow:1;\n  display:flex;\n  flex-direction:row;\n}\n\n#uc_content_accordion_elementor_d351b1d .uc_container .uc-heading\n{\n\tdisplay:flex;\n    align-items:center;\n\toverflow:hidden;\n\tcursor:pointer;\n  \n}\n#uc_content_accordion_elementor_d351b1d .uc_container .uc_content\n{\n    display:none;\n}\n\n#uc_content_accordion_elementor_d351b1d .uc_container .uc-heading span.ue_accordion_icon\n{\n\tdisplay:flex;\n    align-items:center;\n   \tjustify-content:center;\n    flex-grow:0;\n    flex-shrink:0;\n}\n#uc_content_accordion_elementor_d351b1d .uc_ac_box.uc-item-active span.uc_dactive\n{\n\tdisplay:none;\n}\n#uc_content_accordion_elementor_d351b1d .uc_ac_box:not(.uc-item-active) span.uc_active\n{\n\tdisplay:none;\n}\n#uc_content_accordion_elementor_d351b1d span.ue_accordion_icon svg\n{\n  height:1em;\n  width:1em;\n}\n\n#uc_content_accordion_elementor_d351b1d .uc_container .uc_btn {\n\n    text-align: center;\n    display: inline-block;\n    text-decoration: none;\n    transition: ease-in-out all 0.25s;\n}\n\n#uc_content_accordion_elementor_d351b1d .ue-item-image img\n{\n  width:100%;\n  display:block;\n  object-fit:cover;\n}\n\n<\/style>\n\n<div class=\"uc_material_accordion\"  id=\"uc_content_accordion_elementor_d351b1d\"  data-name=\"\" data-scroll=\"off\" data-offset=\"0\" data-closeothers=\"true\" data-set-hash=\"false\" >\n  <div class=\"uc_container uc-items-wrapper\">\n    \n\t\t\n\n<div id=\"#ue-tab1\" class=\"uc_ac_box elementor-repeater-item-6ddb876 uc-item-active\" style=\"background-color:;\">\n  <div class=\"uc-heading uc_trigger\">\n    <span class=\"uc_dactive bbb ue_accordion_icon\"><i class='fas fa-plus'><\/i><\/span> \n    <span class=\"uc_active bbb ue_accordion_icon\"><i class='fas fa-minus'><\/i><\/span>\n    <div class=\"ue_heading_title\">Documentaci\u00f3n referencial<\/div>\n  <\/div>\n  \n  <div class=\"uc_content\" style='display:block'>\n        \n           \t\t<div data-elementor-type=\"section\" data-elementor-id=\"31145\" class=\"elementor elementor-31145\" data-elementor-post-type=\"elementor_library\">\n\t\t\t<div data-particle_enable=\"false\" data-particle-mobile-disabled=\"false\" class=\"elementor-element elementor-element-fe64ee1 e-con-full e-flex e-con e-parent\" data-id=\"fe64ee1\" data-element_type=\"container\">\n\t\t\t\t<div class=\"elementor-element elementor-element-4ffaa3d elementor-tablet-align-center elementor-widget__width-auto elementor-widget-mobile__width-inherit elementor-widget elementor-widget-button\" data-id=\"4ffaa3d\" data-element_type=\"widget\" data-widget_type=\"button.default\">\n\t\t\t\t<div class=\"elementor-widget-container\">\n\t\t\t\t\t\t\t\t\t<div class=\"elementor-button-wrapper\">\n\t\t\t\t\t<a class=\"elementor-button elementor-button-link elementor-size-sm\" href=\"https:\/\/sereniorizzonti.it\/wp-content\/uploads\/2024\/09\/SEO_Politica_Privacy_ed01-1.pdf\" target=\"_blank\" rel=\"nofollow\">\n\t\t\t\t\t\t<span class=\"elementor-button-content-wrapper\">\n\t\t\t\t\t\t\t\t\t<span class=\"elementor-button-text\">Modelo de pol\u00edtica de privacidad<\/span>\n\t\t\t\t\t<\/span>\n\t\t\t\t\t<\/a>\n\t\t\t\t<\/div>\n\t\t\t\t\t\t\t\t<\/div>\n\t\t\t\t<\/div>\n\t\t\t\t<div class=\"elementor-element elementor-element-4df495d elementor-tablet-align-center elementor-widget__width-auto elementor-widget-mobile__width-inherit elementor-widget elementor-widget-button\" data-id=\"4df495d\" data-element_type=\"widget\" data-widget_type=\"button.default\">\n\t\t\t\t<div class=\"elementor-widget-container\">\n\t\t\t\t\t\t\t\t\t<div class=\"elementor-button-wrapper\">\n\t\t\t\t\t<a class=\"elementor-button elementor-button-link elementor-size-sm\" href=\"https:\/\/sereniorizzonti.it\/wp-content\/uploads\/2024\/09\/Politica_della_Qualita_2024.pdf\" target=\"_blank\" rel=\"nofollow\">\n\t\t\t\t\t\t<span class=\"elementor-button-content-wrapper\">\n\t\t\t\t\t\t\t\t\t<span class=\"elementor-button-text\">Pol\u00edtica de calidad 2024<\/span>\n\t\t\t\t\t<\/span>\n\t\t\t\t\t<\/a>\n\t\t\t\t<\/div>\n\t\t\t\t\t\t\t\t<\/div>\n\t\t\t\t<\/div>\n\t\t\t\t<\/div>\n\t\t\t\t<\/div>\n\t\t\n      <\/div> \n<\/div>\n\n  <\/div>\n<\/div>\n\n\n<script type=\"text\/javascript\"  id=\"ue_script_content_accordion\">\n\n\/* Content Accordion scripts: *\/ \n\n\n\njQuery(document).ready(function(){\n  function uc_content_accordion_elementor_d351b1d_start(){\n\n\n    var objAccordion = jQuery(\"#uc_content_accordion_elementor_d351b1d\");\n    UCContentAccordion(objAccordion);\n\n    var objRemoteOptions = {\n      class_items:\"uc_ac_box\",\n      class_active:\"uc-item-active\",\n      selector_item_trigger:\".uc_trigger\"\n    };\n\n    \t\t\t\t\t\tobjAccordion.data(\"uc-remote-options\", objRemoteOptions);\n\t\t\t\n\t\t\tobjAccordion.trigger(\"uc-object-ready\");\n\t\t\tjQuery(document).trigger(\"uc-remote-parent-init\", [objAccordion]);\n\t\t\t  \n\n  }setTimeout(function(){if(jQuery(\"#uc_content_accordion_elementor_d351b1d\").length) uc_content_accordion_elementor_d351b1d_start(); else\n      jQuery( document ).on( 'elementor\/popup\/show', () => { if(jQuery(\"#uc_content_accordion_elementor_d351b1d\").length) uc_content_accordion_elementor_d351b1d_start();});},100); \n});\n<\/script>\n<!-- end Content Accordion -->\t\t\t\t<\/div>\n\t\t\t\t<\/div>\n\t\t\t\t<div class=\"elementor-element elementor-element-1f1ab11 elementor-widget elementor-widget-spacer\" data-id=\"1f1ab11\" data-element_type=\"widget\" data-widget_type=\"spacer.default\">\n\t\t\t\t<div class=\"elementor-widget-container\">\n\t\t\t\t\t\t\t<div class=\"elementor-spacer\">\n\t\t\t<div class=\"elementor-spacer-inner\"><\/div>\n\t\t<\/div>\n\t\t\t\t\t\t<\/div>\n\t\t\t\t<\/div>\n\t\t\t\t<div class=\"elementor-element elementor-element-1b2eee5 elementor-tablet-align-center elementor-widget-mobile__width-inherit elementor-align-center elementor-widget elementor-widget-button\" data-id=\"1b2eee5\" data-element_type=\"widget\" data-widget_type=\"button.default\">\n\t\t\t\t<div class=\"elementor-widget-container\">\n\t\t\t\t\t\t\t\t\t<div class=\"elementor-button-wrapper\">\n\t\t\t\t\t<a class=\"elementor-button elementor-button-link elementor-size-xl\" href=\"https:\/\/sereniorizzonti.it\/es\/contact-us\/\" target=\"_blank\" rel=\"nofollow\">\n\t\t\t\t\t\t<span class=\"elementor-button-content-wrapper\">\n\t\t\t\t\t\t\t\t\t<span class=\"elementor-button-text\">\u00bfDudas o preguntas? P\u00f3ngase en contacto con nosotros<\/span>\n\t\t\t\t\t<\/span>\n\t\t\t\t\t<\/a>\n\t\t\t\t<\/div>\n\t\t\t\t\t\t\t\t<\/div>\n\t\t\t\t<\/div>\n\t\t\t\t<div class=\"elementor-element elementor-element-1e04058 elementor-widget elementor-widget-spacer\" data-id=\"1e04058\" data-element_type=\"widget\" data-widget_type=\"spacer.default\">\n\t\t\t\t<div class=\"elementor-widget-container\">\n\t\t\t\t\t\t\t<div class=\"elementor-spacer\">\n\t\t\t<div class=\"elementor-spacer-inner\"><\/div>\n\t\t<\/div>\n\t\t\t\t\t\t<\/div>\n\t\t\t\t<\/div>\n\t\t\t\t\t<\/div>\n\t\t<\/div>\n\t\t\t\t\t<\/div>\n\t\t<\/section>\n\t\t\t\t<\/div>","protected":false},"excerpt":{"rendered":"<p>Documentaci\u00f3n referencial En esta secci\u00f3n encontrar\u00e1s listados algunos de nuestros documentos clave y certificaciones de calidad. Documentaci\u00f3n de referencia Consulta el vadem\u00e9cum de seguridad y prevenci\u00f3n Solicitud de aModelo de operaciones 2017 en la rsa \"San giuseppe\" para los no autosuficientes Modelo de pol\u00edtica de privacidad Nuestro c\u00f3digo \u00e9tico 2020 Modelo de organizaci\u00f3n, gesti\u00f3n y control 2022 Pec para [...]<\/p>","protected":false},"author":1,"featured_media":0,"parent":0,"menu_order":0,"comment_status":"closed","ping_status":"closed","template":"page-templates\/template-full-width-page-without-header-title.php","meta":{"_acf_changed":false,"footnotes":""},"class_list":["post-31140","page","type-page","status-publish","hentry"],"acf":[],"_links":{"self":[{"href":"https:\/\/sereniorizzonti.it\/es\/wp-json\/wp\/v2\/pages\/31140","targetHints":{"allow":["GET"]}}],"collection":[{"href":"https:\/\/sereniorizzonti.it\/es\/wp-json\/wp\/v2\/pages"}],"about":[{"href":"https:\/\/sereniorizzonti.it\/es\/wp-json\/wp\/v2\/types\/page"}],"author":[{"embeddable":true,"href":"https:\/\/sereniorizzonti.it\/es\/wp-json\/wp\/v2\/users\/1"}],"replies":[{"embeddable":true,"href":"https:\/\/sereniorizzonti.it\/es\/wp-json\/wp\/v2\/comments?post=31140"}],"version-history":[{"count":0,"href":"https:\/\/sereniorizzonti.it\/es\/wp-json\/wp\/v2\/pages\/31140\/revisions"}],"wp:attachment":[{"href":"https:\/\/sereniorizzonti.it\/es\/wp-json\/wp\/v2\/media?parent=31140"}],"curies":[{"name":"wp","href":"https:\/\/api.w.org\/{rel}","templated":true}]}}