{"id":30020,"date":"2024-05-20T22:19:18","date_gmt":"2024-05-20T20:19:18","guid":{"rendered":"https:\/\/sereniorizzonti.it\/?page_id=30020"},"modified":"2024-10-14T17:49:15","modified_gmt":"2024-10-14T15:49:15","slug":"lifecare","status":"publish","type":"page","link":"https:\/\/sereniorizzonti.it\/es\/lifecare\/","title":{"rendered":"Lifecare"},"content":{"rendered":"<div data-elementor-type=\"wp-page\" data-elementor-id=\"30020\" class=\"elementor elementor-30020\" data-elementor-post-type=\"page\">\n\t\t\t\t\t\t<section data-particle_enable=\"false\" data-particle-mobile-disabled=\"false\" class=\"elementor-section elementor-top-section elementor-element elementor-element-b52d1bc elementor-section-content-bottom elementor-section-boxed elementor-section-height-default elementor-section-height-default\" data-id=\"b52d1bc\" data-element_type=\"section\" data-settings=\"{&quot;background_background&quot;:&quot;classic&quot;}\">\n\t\t\t\t\t\t\t<div class=\"elementor-background-overlay\"><\/div>\n\t\t\t\t\t\t\t<div class=\"elementor-container elementor-column-gap-custom\">\n\t\t\t\t\t<div class=\"elementor-column elementor-col-100 elementor-top-column elementor-element elementor-element-415e6ef elementor-invisible\" data-id=\"415e6ef\" data-element_type=\"column\" data-settings=\"{&quot;animation&quot;:&quot;fadeIn&quot;}\">\n\t\t\t<div class=\"elementor-widget-wrap elementor-element-populated\">\n\t\t\t\t\t\t<section data-particle_enable=\"false\" data-particle-mobile-disabled=\"false\" class=\"elementor-section elementor-inner-section elementor-element elementor-element-d9c4fe5 elementor-section-boxed elementor-section-height-default elementor-section-height-default\" data-id=\"d9c4fe5\" data-element_type=\"section\">\n\t\t\t\t\t\t<div class=\"elementor-container elementor-column-gap-default\">\n\t\t\t\t\t<div class=\"elementor-column elementor-col-100 elementor-inner-column elementor-element elementor-element-244cf97\" data-id=\"244cf97\" data-element_type=\"column\">\n\t\t\t<div class=\"elementor-widget-wrap elementor-element-populated\">\n\t\t\t\t\t\t<div class=\"elementor-element elementor-element-11a749d elementor-widget elementor-widget-text-editor\" data-id=\"11a749d\" data-element_type=\"widget\" data-widget_type=\"text-editor.default\">\n\t\t\t\t<div class=\"elementor-widget-container\">\n\t\t\t\t\t\t\t\t\t<p>LifeCare<\/p>\t\t\t\t\t\t\t\t<\/div>\n\t\t\t\t<\/div>\n\t\t\t\t<div class=\"elementor-element elementor-element-9291f13 elementor-widget elementor-widget-text-editor\" data-id=\"9291f13\" data-element_type=\"widget\" data-widget_type=\"text-editor.default\">\n\t\t\t\t<div class=\"elementor-widget-container\">\n\t\t\t\t\t\t\t\t\t<p>Parte del proyecto de desarrollo inmobiliario del Grupo est\u00e1 siendo realizado por LifeCare, con un importante plan de inversiones. El objetivo del Grupo es construir 4.000 camas de aqu\u00ed a 2028 para alcanzar un total de 10.000 camas. Lifecare dise\u00f1a, desarrolla y construye respetando plenamente los principios ESG y teniendo como prioridad el bienestar y la calidad de vida de las personas mayores. Construye residencias que permiten mantener, en la medida de lo posible, los estilos de vida anteriores. El uso de la dom\u00f3tica y los elevados est\u00e1ndares de calidad hacen de las residencias construidas por Life Care ejemplos de innovaci\u00f3n y calidad, pero tambi\u00e9n lugares con la calidez del hogar.<\/p>\t\t\t\t\t\t\t\t<\/div>\n\t\t\t\t<\/div>\n\t\t\t\t<div class=\"elementor-element elementor-element-b676d73 elementor-widget elementor-widget-text-editor\" data-id=\"b676d73\" data-element_type=\"widget\" data-widget_type=\"text-editor.default\">\n\t\t\t\t<div class=\"elementor-widget-container\">\n\t\t\t\t\t\t\t\t\t<p>Nombre: LIFECARE SRL<\/p><p>Sede social: Via Vittorio Veneto 45 Udine (UD)<\/p><p>Capital social: 1.000.250,00<\/p><p>N\u00famero de IVA: 02855660300<\/p><p>C\u00f3digo fiscal: 02855660300<\/p><p>Tel. 0432 506519<\/p><p>Fax 0432 507294<\/p><p>info@sereniorizzonti.it<\/p>\t\t\t\t\t\t\t\t<\/div>\n\t\t\t\t<\/div>\n\t\t\t\t\t<\/div>\n\t\t<\/div>\n\t\t\t\t\t<\/div>\n\t\t<\/section>\n\t\t\t\t\t<\/div>\n\t\t<\/div>\n\t\t\t\t\t<\/div>\n\t\t<\/section>\n\t\t\t\t<section data-particle_enable=\"false\" data-particle-mobile-disabled=\"false\" class=\"elementor-section elementor-top-section elementor-element elementor-element-9f909fc elementor-section-content-middle elementor-section-full_width elementor-section-height-default elementor-section-height-default\" data-id=\"9f909fc\" data-element_type=\"section\" data-settings=\"{&quot;background_background&quot;:&quot;classic&quot;}\">\n\t\t\t\t\t\t\t<div class=\"elementor-background-overlay\"><\/div>\n\t\t\t\t\t\t\t<div class=\"elementor-container elementor-column-gap-custom\">\n\t\t\t\t\t<div class=\"elementor-column elementor-col-100 elementor-top-column elementor-element elementor-element-1b6ea4b\" data-id=\"1b6ea4b\" data-element_type=\"column\">\n\t\t\t<div class=\"elementor-widget-wrap elementor-element-populated\">\n\t\t\t\t\t\t<section data-particle_enable=\"false\" data-particle-mobile-disabled=\"false\" class=\"elementor-section elementor-inner-section elementor-element elementor-element-fd5ebef elementor-section-full_width elementor-section-height-min-height elementor-section-height-default elementor-invisible\" data-id=\"fd5ebef\" data-element_type=\"section\" data-settings=\"{&quot;animation&quot;:&quot;fadeIn&quot;,&quot;background_background&quot;:&quot;classic&quot;}\">\n\t\t\t\t\t\t<div class=\"elementor-container elementor-column-gap-no\">\n\t\t\t\t\t<div class=\"elementor-column elementor-col-100 elementor-inner-column elementor-element elementor-element-ef4cba1\" data-id=\"ef4cba1\" data-element_type=\"column\">\n\t\t\t<div class=\"elementor-widget-wrap\">\n\t\t\t\t\t\t\t<\/div>\n\t\t<\/div>\n\t\t\t\t\t<\/div>\n\t\t<\/section>\n\t\t\t\t\t<\/div>\n\t\t<\/div>\n\t\t\t\t\t<\/div>\n\t\t<\/section>\n\t\t\t\t<\/div>","protected":false},"excerpt":{"rendered":"<p>LifeCare Parte del proyecto de desarrollo inmobiliario del Grupo est\u00e1 siendo realizado por LifeCare, con un importante plan de inversiones. El objetivo del Grupo es construir 4.000 camas de aqu\u00ed a 2028 para alcanzar un total de 10.000 camas. Lifecare dise\u00f1a, desarrolla y construye respetando plenamente los principios ESG y [...]<\/p>","protected":false},"author":1,"featured_media":0,"parent":0,"menu_order":0,"comment_status":"closed","ping_status":"closed","template":"page-templates\/template-full-width-page-without-header-title.php","meta":{"_acf_changed":false,"footnotes":""},"class_list":["post-30020","page","type-page","status-publish","hentry"],"acf":[],"_links":{"self":[{"href":"https:\/\/sereniorizzonti.it\/es\/wp-json\/wp\/v2\/pages\/30020","targetHints":{"allow":["GET"]}}],"collection":[{"href":"https:\/\/sereniorizzonti.it\/es\/wp-json\/wp\/v2\/pages"}],"about":[{"href":"https:\/\/sereniorizzonti.it\/es\/wp-json\/wp\/v2\/types\/page"}],"author":[{"embeddable":true,"href":"https:\/\/sereniorizzonti.it\/es\/wp-json\/wp\/v2\/users\/1"}],"replies":[{"embeddable":true,"href":"https:\/\/sereniorizzonti.it\/es\/wp-json\/wp\/v2\/comments?post=30020"}],"version-history":[{"count":6,"href":"https:\/\/sereniorizzonti.it\/es\/wp-json\/wp\/v2\/pages\/30020\/revisions"}],"predecessor-version":[{"id":41340,"href":"https:\/\/sereniorizzonti.it\/es\/wp-json\/wp\/v2\/pages\/30020\/revisions\/41340"}],"wp:attachment":[{"href":"https:\/\/sereniorizzonti.it\/es\/wp-json\/wp\/v2\/media?parent=30020"}],"curies":[{"name":"wp","href":"https:\/\/api.w.org\/{rel}","templated":true}]}}