{"id":29442,"date":"2023-09-14T13:00:25","date_gmt":"2023-09-14T13:00:25","guid":{"rendered":"https:\/\/sereniorizzonti.it\/?page_id=29442"},"modified":"2024-12-10T16:38:04","modified_gmt":"2024-12-10T15:38:04","slug":"la-nostra-storia","status":"publish","type":"page","link":"https:\/\/sereniorizzonti.it\/es\/la-nostra-storia\/","title":{"rendered":"Nuestra historia"},"content":{"rendered":"<div data-elementor-type=\"wp-page\" data-elementor-id=\"29442\" class=\"elementor elementor-29442\" data-elementor-post-type=\"page\">\n\t\t\t\t\t\t<section data-particle_enable=\"false\" data-particle-mobile-disabled=\"false\" class=\"elementor-section elementor-top-section elementor-element elementor-element-b52d1bc elementor-section-content-bottom elementor-section-boxed elementor-section-height-default elementor-section-height-default\" data-id=\"b52d1bc\" data-element_type=\"section\" data-settings=\"{&quot;background_background&quot;:&quot;classic&quot;}\">\n\t\t\t\t\t\t\t<div class=\"elementor-background-overlay\"><\/div>\n\t\t\t\t\t\t\t<div class=\"elementor-container elementor-column-gap-custom\">\n\t\t\t\t\t<div class=\"elementor-column elementor-col-100 elementor-top-column elementor-element elementor-element-415e6ef elementor-invisible\" data-id=\"415e6ef\" data-element_type=\"column\" data-settings=\"{&quot;animation&quot;:&quot;fadeIn&quot;}\">\n\t\t\t<div class=\"elementor-widget-wrap elementor-element-populated\">\n\t\t\t\t\t\t<section data-particle_enable=\"false\" data-particle-mobile-disabled=\"false\" class=\"elementor-section elementor-inner-section elementor-element elementor-element-d9c4fe5 elementor-section-boxed elementor-section-height-default elementor-section-height-default\" data-id=\"d9c4fe5\" data-element_type=\"section\">\n\t\t\t\t\t\t<div class=\"elementor-container elementor-column-gap-default\">\n\t\t\t\t\t<div class=\"elementor-column elementor-col-100 elementor-inner-column elementor-element elementor-element-244cf97\" data-id=\"244cf97\" data-element_type=\"column\">\n\t\t\t<div class=\"elementor-widget-wrap elementor-element-populated\">\n\t\t\t\t\t\t<div class=\"elementor-element elementor-element-1f67555 elementor-widget elementor-widget-text-editor\" data-id=\"1f67555\" data-element_type=\"widget\" data-widget_type=\"text-editor.default\">\n\t\t\t\t<div class=\"elementor-widget-container\">\n\t\t\t\t\t\t\t\t\t<p><b>Estructura del grupo<\/b><\/p>\t\t\t\t\t\t\t\t<\/div>\n\t\t\t\t<\/div>\n\t\t\t\t<div class=\"elementor-element elementor-element-11a749d elementor-widget elementor-widget-text-editor\" data-id=\"11a749d\" data-element_type=\"widget\" data-widget_type=\"text-editor.default\">\n\t\t\t\t<div class=\"elementor-widget-container\">\n\t\t\t\t\t\t\t\t\t<p>Nuestra historia<\/p>\t\t\t\t\t\t\t\t<\/div>\n\t\t\t\t<\/div>\n\t\t\t\t<div class=\"elementor-element elementor-element-67cffe9 elementor-widget elementor-widget-text-editor\" data-id=\"67cffe9\" data-element_type=\"widget\" data-widget_type=\"text-editor.default\">\n\t\t\t\t<div class=\"elementor-widget-container\">\n\t\t\t\t\t\t\t\t\t<p>S.O. Holding Spa es la sociedad matriz de un grupo de empresas que operan principalmente en el sector de la asistencia personal, construyendo y gestionando RSAs, comunidades de menores y comunidades psiqui\u00e1tricas con los m\u00e1s altos est\u00e1ndares de calidad.<\/p><p>Fundada en 1996 en Udine, Sereni Orizzonti 1 SpA opera no s\u00f3lo en toda Italia, sino tambi\u00e9n en Espa\u00f1a. Sus 91 RSA alojan a 6.000 hu\u00e9spedes y emplean a casi 3.800 personas. Crece a trav\u00e9s de actividades de fusiones y adquisiciones y mediante el desarrollo directo de RSA fuertemente caracterizados por la dom\u00f3tica y a la vanguardia de la ecosostenibilidad y el ahorro energ\u00e9tico.<\/p><p>Las principales filiales de S.O. Holding son Sereni Orizzonti 1 Spa, 3A Milano, Lifecare y en enero de 2019 tambi\u00e9n se unieron al grupo <a href=\"https:\/\/www.work-ontime.it\/\" target=\"_blank\" rel=\"noopener\">Trabajar a tiempo<\/a>, una agencia de empleo generalista que opera con oficinas propias en muchas ciudades italianas.<\/p>\t\t\t\t\t\t\t\t<\/div>\n\t\t\t\t<\/div>\n\t\t\t\t<div class=\"elementor-element elementor-element-db8b466 elementor-widget-mobile__width-inherit elementor-widget elementor-widget-text-editor\" data-id=\"db8b466\" data-element_type=\"widget\" data-widget_type=\"text-editor.default\">\n\t\t\t\t<div class=\"elementor-widget-container\">\n\t\t\t\t\t\t\t\t\t<p>1996-2007<\/p>\t\t\t\t\t\t\t\t<\/div>\n\t\t\t\t<\/div>\n\t\t<div data-particle_enable=\"false\" data-particle-mobile-disabled=\"false\" class=\"elementor-element elementor-element-30cda32 e-con-full e-flex e-con e-parent\" data-id=\"30cda32\" data-element_type=\"container\">\n\t\t<div data-particle_enable=\"false\" data-particle-mobile-disabled=\"false\" class=\"elementor-element elementor-element-50c8f79 e-flex e-con-boxed e-con e-child\" data-id=\"50c8f79\" data-element_type=\"container\">\n\t\t\t\t\t<div class=\"e-con-inner\">\n\t\t\t\t<div class=\"elementor-element elementor-element-0ec55ec elementor-widget elementor-widget-text-editor\" data-id=\"0ec55ec\" data-element_type=\"widget\" data-widget_type=\"text-editor.default\">\n\t\t\t\t<div class=\"elementor-widget-container\">\n\t\t\t\t\t\t\t\t\t<p>Fundada en 1996 por Massimo Blasoni y Giorgio Zucchini (que ya ha abandonado la empresa), Sereni Orizzonti 1 Spa es una de las filiales de S.O. Holding Spa de Massimo Blasoni. Sereni Orizzonti es una empresa -como suele decirse- que empez\u00f3 de la nada, es decir, por emprendedores de primera generaci\u00f3n sin recursos econ\u00f3micos familiares, pero decididos y convencidos de que la atenci\u00f3n residencial de las personas mayores no autosuficientes en nuestro pa\u00eds necesitaba una mayor oferta y una mejor calidad asistencial.<\/p><p>Sereni Orizzonti se fund\u00f3 en Udine con el lema \"Una alternativa a la casa de reposo\", que desde el principio pretend\u00eda subrayar el objetivo de proponer residencias para ancianos m\u00e1s confortables y con servicios similares a los de un hotel.<\/p>\t\t\t\t\t\t\t\t<\/div>\n\t\t\t\t<\/div>\n\t\t\t\t\t<\/div>\n\t\t\t\t<\/div>\n\t\t<div data-particle_enable=\"false\" data-particle-mobile-disabled=\"false\" class=\"elementor-element elementor-element-0f348e0 e-flex e-con-boxed e-con e-child\" data-id=\"0f348e0\" data-element_type=\"container\">\n\t\t\t\t\t<div class=\"e-con-inner\">\n\t\t\t\t<div class=\"elementor-element elementor-element-23f0b9c elementor-widget elementor-widget-image\" data-id=\"23f0b9c\" data-element_type=\"widget\" data-widget_type=\"image.default\">\n\t\t\t\t<div class=\"elementor-widget-container\">\n\t\t\t\t\t\t\t\t\t\t\t\t\t\t\t<img fetchpriority=\"high\" decoding=\"async\" width=\"1284\" height=\"853\" src=\"https:\/\/sereniorizzonti.it\/wp-content\/uploads\/2024\/09\/la_nostra_storia.jpg\" class=\"attachment-full size-full wp-image-32897\" alt=\"\" srcset=\"https:\/\/sereniorizzonti.it\/wp-content\/uploads\/2024\/09\/la_nostra_storia.jpg 1284w, https:\/\/sereniorizzonti.it\/wp-content\/uploads\/2024\/09\/la_nostra_storia-300x199.jpg 300w, https:\/\/sereniorizzonti.it\/wp-content\/uploads\/2024\/09\/la_nostra_storia-1024x680.jpg 1024w, https:\/\/sereniorizzonti.it\/wp-content\/uploads\/2024\/09\/la_nostra_storia-768x510.jpg 768w, https:\/\/sereniorizzonti.it\/wp-content\/uploads\/2024\/09\/la_nostra_storia-18x12.jpg 18w\" sizes=\"(max-width: 1284px) 100vw, 1284px\" \/>\t\t\t\t\t\t\t\t\t\t\t\t\t\t\t<\/div>\n\t\t\t\t<\/div>\n\t\t\t\t<div class=\"elementor-element elementor-element-79b519e elementor-widget elementor-widget-text-editor\" data-id=\"79b519e\" data-element_type=\"widget\" data-widget_type=\"text-editor.default\">\n\t\t\t\t<div class=\"elementor-widget-container\">\n\t\t\t\t\t\t\t\t\t<p><em>Massimo Blasoni, fundador de Sereni Orizzonti<\/em><\/p>\t\t\t\t\t\t\t\t<\/div>\n\t\t\t\t<\/div>\n\t\t\t\t\t<\/div>\n\t\t\t\t<\/div>\n\t\t\t\t<\/div>\n\t\t<div data-particle_enable=\"false\" data-particle-mobile-disabled=\"false\" class=\"elementor-element elementor-element-b50747c e-con-full elementor-hidden-widescreen elementor-hidden-desktop elementor-hidden-laptop elementor-hidden-tablet elementor-hidden-mobile e-flex e-con e-parent\" data-id=\"b50747c\" data-element_type=\"container\">\n\t\t<div data-particle_enable=\"false\" data-particle-mobile-disabled=\"false\" class=\"elementor-element elementor-element-8545d8b e-flex e-con-boxed e-con e-child\" data-id=\"8545d8b\" data-element_type=\"container\">\n\t\t\t\t\t<div class=\"e-con-inner\">\n\t\t\t\t<div class=\"elementor-element elementor-element-ffdd4a7 elementor-widget elementor-widget-image\" data-id=\"ffdd4a7\" data-element_type=\"widget\" data-widget_type=\"image.default\">\n\t\t\t\t<div class=\"elementor-widget-container\">\n\t\t\t\t\t\t\t\t\t\t\t\t\t\t\t<img decoding=\"async\" width=\"1920\" height=\"1786\" src=\"https:\/\/sereniorizzonti.it\/wp-content\/uploads\/2024\/09\/so_costruzione_in_corso.jpg\" class=\"attachment-full size-full wp-image-34337\" alt=\"\" srcset=\"https:\/\/sereniorizzonti.it\/wp-content\/uploads\/2024\/09\/so_costruzione_in_corso.jpg 1920w, https:\/\/sereniorizzonti.it\/wp-content\/uploads\/2024\/09\/so_costruzione_in_corso-300x279.jpg 300w, https:\/\/sereniorizzonti.it\/wp-content\/uploads\/2024\/09\/so_costruzione_in_corso-1024x953.jpg 1024w, https:\/\/sereniorizzonti.it\/wp-content\/uploads\/2024\/09\/so_costruzione_in_corso-768x714.jpg 768w, https:\/\/sereniorizzonti.it\/wp-content\/uploads\/2024\/09\/so_costruzione_in_corso-1536x1429.jpg 1536w, https:\/\/sereniorizzonti.it\/wp-content\/uploads\/2024\/09\/so_costruzione_in_corso-13x12.jpg 13w\" sizes=\"(max-width: 1920px) 100vw, 1920px\" \/>\t\t\t\t\t\t\t\t\t\t\t\t\t\t\t<\/div>\n\t\t\t\t<\/div>\n\t\t\t\t\t<\/div>\n\t\t\t\t<\/div>\n\t\t<div data-particle_enable=\"false\" data-particle-mobile-disabled=\"false\" class=\"elementor-element elementor-element-993f450 e-flex e-con-boxed e-con e-child\" data-id=\"993f450\" data-element_type=\"container\">\n\t\t\t\t\t<div class=\"e-con-inner\">\n\t\t\t\t<div class=\"elementor-element elementor-element-4690d64 elementor-widget elementor-widget-text-editor\" data-id=\"4690d64\" data-element_type=\"widget\" data-widget_type=\"text-editor.default\">\n\t\t\t\t<div class=\"elementor-widget-container\">\n\t\t\t\t\t\t\t\t\t<p>Fundada en 1996 por Massimo Blasoni y Giorgio Zucchini (que ya ha abandonado la empresa), Sereni Orizzonti 1 Spa es una de las filiales de S.O. Holding Spa de Massimo Blasoni. Sereni Orizzonti es una empresa -como suele decirse- que empez\u00f3 de la nada, es decir, por emprendedores de primera generaci\u00f3n sin recursos econ\u00f3micos familiares, pero decididos y convencidos de que la atenci\u00f3n residencial de las personas mayores no autosuficientes en nuestro pa\u00eds necesitaba una mayor oferta y una mejor calidad asistencial.<\/p><p>Sereni Orizzonti se fund\u00f3 en Udine con el lema \"Una alternativa a la casa de reposo\", que desde el principio pretend\u00eda subrayar el objetivo de proponer residencias para ancianos m\u00e1s confortables y con servicios similares a los de un hotel.<\/p>\t\t\t\t\t\t\t\t<\/div>\n\t\t\t\t<\/div>\n\t\t\t\t\t<\/div>\n\t\t\t\t<\/div>\n\t\t\t\t<\/div>\n\t\t\t\t<div class=\"elementor-element elementor-element-91ccc68 elementor-widget elementor-widget-text-editor\" data-id=\"91ccc68\" data-element_type=\"widget\" data-widget_type=\"text-editor.default\">\n\t\t\t\t<div class=\"elementor-widget-container\">\n\t\t\t\t\t\t\t\t\t<p>En los tres primeros a\u00f1os de actividad, transformamos tres hoteles de la provincia de Udine en residencias para personas mayores, operando en un contexto, el friulano, caracterizado en aquella \u00e9poca por residencias de ancianos a menudo anticuadas.<\/p><p>La gran demanda de las familias nos impuls\u00f3 a poner en marcha la oferta adquiriendo el arrendamiento o la propiedad de nuevos inmuebles. En 2004 ya hab\u00eda 9 residencias para ancianos no autosuficientes en Friuli Venezia-Giulia.<\/p><p>Entre 2002 y 2003, empezamos a participar por primera vez en licitaciones de concesiones para la gesti\u00f3n de RSA en todo el norte de Italia, obteniendo excelentes resultados.<\/p><p>Sin embargo, la vocaci\u00f3n principal segu\u00eda siendo la adquisici\u00f3n de la propiedad de las RSA.<\/p><p>En 2007 adquirimos la primera residencia para ancianos del Piamonte, la Casa Albert de Viverone, con 140 camas; hoy gestionamos 20 RSA solo en el Piamonte.<\/p>\t\t\t\t\t\t\t\t<\/div>\n\t\t\t\t<\/div>\n\t\t\t\t<div class=\"elementor-element elementor-element-b696af9 elementor-widget elementor-widget-image\" data-id=\"b696af9\" data-element_type=\"widget\" data-widget_type=\"image.default\">\n\t\t\t\t<div class=\"elementor-widget-container\">\n\t\t\t\t\t\t\t\t\t\t\t\t\t\t\t<img decoding=\"async\" width=\"1920\" height=\"1440\" src=\"https:\/\/sereniorizzonti.it\/wp-content\/uploads\/2024\/09\/la_nostra_storia_2.jpg\" class=\"attachment-full size-full wp-image-32901\" alt=\"\" srcset=\"https:\/\/sereniorizzonti.it\/wp-content\/uploads\/2024\/09\/la_nostra_storia_2.jpg 1920w, https:\/\/sereniorizzonti.it\/wp-content\/uploads\/2024\/09\/la_nostra_storia_2-300x225.jpg 300w, https:\/\/sereniorizzonti.it\/wp-content\/uploads\/2024\/09\/la_nostra_storia_2-1024x768.jpg 1024w, https:\/\/sereniorizzonti.it\/wp-content\/uploads\/2024\/09\/la_nostra_storia_2-768x576.jpg 768w, https:\/\/sereniorizzonti.it\/wp-content\/uploads\/2024\/09\/la_nostra_storia_2-1536x1152.jpg 1536w, https:\/\/sereniorizzonti.it\/wp-content\/uploads\/2024\/09\/la_nostra_storia_2-16x12.jpg 16w\" sizes=\"(max-width: 1920px) 100vw, 1920px\" \/>\t\t\t\t\t\t\t\t\t\t\t\t\t\t\t<\/div>\n\t\t\t\t<\/div>\n\t\t\t\t<div class=\"elementor-element elementor-element-cf152c7 elementor-widget elementor-widget-text-editor\" data-id=\"cf152c7\" data-element_type=\"widget\" data-widget_type=\"text-editor.default\">\n\t\t\t\t<div class=\"elementor-widget-container\">\n\t\t\t\t\t\t\t\t\t<p><em>Rsa \"San Gabriele\" en Bovolenta (PD)<\/em><\/p>\t\t\t\t\t\t\t\t<\/div>\n\t\t\t\t<\/div>\n\t\t\t\t<div class=\"elementor-element elementor-element-fca96a1 elementor-widget-mobile__width-inherit elementor-widget elementor-widget-text-editor\" data-id=\"fca96a1\" data-element_type=\"widget\" data-widget_type=\"text-editor.default\">\n\t\t\t\t<div class=\"elementor-widget-container\">\n\t\t\t\t\t\t\t\t\t<p>2008-2020<\/p>\t\t\t\t\t\t\t\t<\/div>\n\t\t\t\t<\/div>\n\t\t\t\t<div class=\"elementor-element elementor-element-0297d15 elementor-widget elementor-widget-text-editor\" data-id=\"0297d15\" data-element_type=\"widget\" data-widget_type=\"text-editor.default\">\n\t\t\t\t<div class=\"elementor-widget-container\">\n\t\t\t\t\t\t\t\t\t<p>En el periodo 2008-2020 adquirimos numerosas RSA nuevas en toda Italia, comunidades menores y comunidades psiqui\u00e1tricas, con una presencia especialmente significativa en Toscana, Emilia-Roma\u00f1a, Liguria, Lombard\u00eda, V\u00e9neto, Cerde\u00f1a y Sicilia. Dentro de las RSA, tambi\u00e9n hay unidades activas de alto valor sanitario o destinadas a discapacitados f\u00edsicos y ps\u00edquicos.<\/p><p>El Grupo ha adquirido una verdadera relevancia nacional reconocida por la prensa y todos los estudios sobre el sector, que nos sit\u00faan en el segundo puesto por n\u00famero de camas en Italia, con 6.000 disponibles.<\/p><p>Con 9 comunidades infantiles y 6 comunidades psiqui\u00e1tricas, el Grupo tambi\u00e9n ha visto crecer su relevancia en el \u00e1mbito de la salud mental.<\/p><p>A lo largo del tiempo, se han fundado o adquirido numerosas filiales que contribuyen al desarrollo del Grupo, como Sereni Orizzonti 1 Spa, 3A Milano, Lifecare, Work On Time, Borgo D'Ale Srl, Edu, La Panoramica, 4A Milano e Istituto Geriatrico Siciliano Srl.<\/p>\t\t\t\t\t\t\t\t<\/div>\n\t\t\t\t<\/div>\n\t\t\t\t\t<\/div>\n\t\t<\/div>\n\t\t\t\t\t<\/div>\n\t\t<\/section>\n\t\t\t\t\t<\/div>\n\t\t<\/div>\n\t\t\t\t\t<\/div>\n\t\t<\/section>\n\t\t\t\t<section data-particle_enable=\"false\" data-particle-mobile-disabled=\"false\" class=\"elementor-section elementor-top-section elementor-element elementor-element-6b75e97 elementor-section-boxed elementor-section-height-default elementor-section-height-default\" data-id=\"6b75e97\" data-element_type=\"section\" data-settings=\"{&quot;background_background&quot;:&quot;classic&quot;}\">\n\t\t\t\t\t\t\t<div class=\"elementor-background-overlay\"><\/div>\n\t\t\t\t\t\t\t<div class=\"elementor-container elementor-column-gap-no\">\n\t\t\t\t\t<div class=\"elementor-column elementor-col-100 elementor-top-column elementor-element elementor-element-e202aba\" data-id=\"e202aba\" data-element_type=\"column\">\n\t\t\t<div class=\"elementor-widget-wrap elementor-element-populated\">\n\t\t\t\t\t\t<section data-particle_enable=\"false\" data-particle-mobile-disabled=\"false\" class=\"elementor-section elementor-inner-section elementor-element elementor-element-ba89f1c elementor-section-full_width elementor-section-content-middle elementor-section-height-default elementor-section-height-default\" data-id=\"ba89f1c\" data-element_type=\"section\">\n\t\t\t\t\t\t<div class=\"elementor-container elementor-column-gap-no\">\n\t\t\t\t\t<div class=\"elementor-column elementor-col-50 elementor-inner-column elementor-element elementor-element-1f696a2\" data-id=\"1f696a2\" data-element_type=\"column\">\n\t\t\t<div class=\"elementor-widget-wrap elementor-element-populated\">\n\t\t\t\t\t\t<section data-particle_enable=\"false\" data-particle-mobile-disabled=\"false\" class=\"elementor-section elementor-inner-section elementor-element elementor-element-8851965 elementor-section-boxed elementor-section-height-default elementor-section-height-default\" data-id=\"8851965\" data-element_type=\"section\">\n\t\t\t\t\t\t<div class=\"elementor-container elementor-column-gap-no\">\n\t\t\t\t\t<div class=\"elementor-column elementor-col-100 elementor-inner-column elementor-element elementor-element-c7cb9c6\" data-id=\"c7cb9c6\" data-element_type=\"column\">\n\t\t\t<div class=\"elementor-widget-wrap elementor-element-populated\">\n\t\t\t\t\t\t<div class=\"elementor-element elementor-element-e2c820e elementor-widget elementor-widget-text-editor\" data-id=\"e2c820e\" data-element_type=\"widget\" data-no-translation=\"\" data-widget_type=\"text-editor.default\">\n\t\t\t\t<div class=\"elementor-widget-container\">\n\t\t\t\t\t<style>.elementor-element-e2c820e{display:none !important}<\/style>\t\t\t\t<\/div>\n\t\t\t\t<\/div>\n\t\t\t\t<div class=\"elementor-element elementor-element-0440084 elementor-widget elementor-widget-text-editor\" data-id=\"0440084\" data-element_type=\"widget\" data-no-translation=\"\" data-widget_type=\"text-editor.default\">\n\t\t\t\t<div class=\"elementor-widget-container\">\n\t\t\t\t\t<style>.elementor-element-0440084{display:none !important}<\/style>\t\t\t\t<\/div>\n\t\t\t\t<\/div>\n\t\t\t\t\t<\/div>\n\t\t<\/div>\n\t\t\t\t\t<\/div>\n\t\t<\/section>\n\t\t\t\t\t<\/div>\n\t\t<\/div>\n\t\t\t\t<div class=\"elementor-column elementor-col-50 elementor-inner-column elementor-element elementor-element-b5a25aa elementor-invisible\" data-id=\"b5a25aa\" data-element_type=\"column\" data-settings=\"{&quot;animation&quot;:&quot;fadeIn&quot;}\">\n\t\t\t<div class=\"elementor-widget-wrap elementor-element-populated\">\n\t\t\t\t\t\t<div class=\"elementor-element elementor-element-8961687 elementor-widget elementor-widget-image\" data-id=\"8961687\" data-element_type=\"widget\" data-widget_type=\"image.default\">\n\t\t\t\t<div class=\"elementor-widget-container\">\n\t\t\t\t\t\t\t\t\t\t\t\t\t\t\t<img loading=\"lazy\" decoding=\"async\" width=\"2000\" height=\"1067\" src=\"https:\/\/sereniorizzonti.it\/wp-content\/uploads\/2024\/05\/grafico.jpg\" class=\"attachment-full size-full wp-image-29909\" alt=\"\" srcset=\"https:\/\/sereniorizzonti.it\/wp-content\/uploads\/2024\/05\/grafico.jpg 2000w, https:\/\/sereniorizzonti.it\/wp-content\/uploads\/2024\/05\/grafico-300x160.jpg 300w, https:\/\/sereniorizzonti.it\/wp-content\/uploads\/2024\/05\/grafico-1024x546.jpg 1024w, https:\/\/sereniorizzonti.it\/wp-content\/uploads\/2024\/05\/grafico-768x410.jpg 768w, https:\/\/sereniorizzonti.it\/wp-content\/uploads\/2024\/05\/grafico-1536x819.jpg 1536w\" sizes=\"(max-width: 2000px) 100vw, 2000px\" \/>\t\t\t\t\t\t\t\t\t\t\t\t\t\t\t<\/div>\n\t\t\t\t<\/div>\n\t\t\t\t\t<\/div>\n\t\t<\/div>\n\t\t\t\t\t<\/div>\n\t\t<\/section>\n\t\t\t\t<div class=\"elementor-element elementor-element-e46b47b elementor-widget elementor-widget-text-editor\" data-id=\"e46b47b\" data-element_type=\"widget\" data-no-translation=\"\" data-widget_type=\"text-editor.default\">\n\t\t\t\t<div class=\"elementor-widget-container\">\n\t\t\t\t\t<style>.elementor-element-e46b47b{display:none !important}<\/style>\t\t\t\t<\/div>\n\t\t\t\t<\/div>\n\t\t\t\t<section data-particle_enable=\"false\" data-particle-mobile-disabled=\"false\" class=\"elementor-section elementor-inner-section elementor-element elementor-element-960aa7f elementor-section-full_width elementor-section-content-middle elementor-section-height-default elementor-section-height-default\" data-id=\"960aa7f\" data-element_type=\"section\">\n\t\t\t\t\t\t<div class=\"elementor-container elementor-column-gap-no\">\n\t\t\t\t\t<div class=\"elementor-column elementor-col-100 elementor-inner-column elementor-element elementor-element-342dcc8\" data-id=\"342dcc8\" data-element_type=\"column\">\n\t\t\t<div class=\"elementor-widget-wrap elementor-element-populated\">\n\t\t\t\t\t\t\t<\/div>\n\t\t<\/div>\n\t\t\t\t\t<\/div>\n\t\t<\/section>\n\t\t\t\t\t<\/div>\n\t\t<\/div>\n\t\t\t\t\t<\/div>\n\t\t<\/section>\n\t\t\t\t<section data-particle_enable=\"false\" data-particle-mobile-disabled=\"false\" class=\"elementor-section elementor-top-section elementor-element elementor-element-4206c95 elementor-section-content-bottom elementor-section-boxed elementor-section-height-default elementor-section-height-default\" data-id=\"4206c95\" data-element_type=\"section\" data-settings=\"{&quot;background_background&quot;:&quot;classic&quot;}\">\n\t\t\t\t\t\t\t<div class=\"elementor-background-overlay\"><\/div>\n\t\t\t\t\t\t\t<div class=\"elementor-container elementor-column-gap-custom\">\n\t\t\t\t\t<div class=\"elementor-column elementor-col-100 elementor-top-column elementor-element elementor-element-65a6a0e elementor-invisible\" data-id=\"65a6a0e\" data-element_type=\"column\" data-settings=\"{&quot;animation&quot;:&quot;fadeIn&quot;}\">\n\t\t\t<div class=\"elementor-widget-wrap elementor-element-populated\">\n\t\t\t\t\t\t<section data-particle_enable=\"false\" data-particle-mobile-disabled=\"false\" class=\"elementor-section elementor-inner-section elementor-element elementor-element-ea2e8b9 elementor-section-boxed elementor-section-height-default elementor-section-height-default\" data-id=\"ea2e8b9\" data-element_type=\"section\">\n\t\t\t\t\t\t<div class=\"elementor-container elementor-column-gap-default\">\n\t\t\t\t\t<div class=\"elementor-column elementor-col-100 elementor-inner-column elementor-element elementor-element-da3a8aa\" data-id=\"da3a8aa\" data-element_type=\"column\">\n\t\t\t<div class=\"elementor-widget-wrap elementor-element-populated\">\n\t\t\t\t\t\t<div class=\"elementor-element elementor-element-dc57c27 elementor-widget elementor-widget-text-editor\" data-id=\"dc57c27\" data-element_type=\"widget\" data-widget_type=\"text-editor.default\">\n\t\t\t\t<div class=\"elementor-widget-container\">\n\t\t\t\t\t\t\t\t\t<p>A partir de 2022<\/p>\t\t\t\t\t\t\t\t<\/div>\n\t\t\t\t<\/div>\n\t\t\t\t<div class=\"elementor-element elementor-element-4774ddc elementor-widget elementor-widget-text-editor\" data-id=\"4774ddc\" data-element_type=\"widget\" data-widget_type=\"text-editor.default\">\n\t\t\t\t<div class=\"elementor-widget-container\">\n\t\t\t\t\t\t\t\t\t<p>En 2023, Sereni Orizzonti ha puesto en marcha un plan de inversi\u00f3n inicial de unos 200 millones de euros, que permitir\u00e1 abrir 4.000 nuevas camas en los pr\u00f3ximos cinco a\u00f1os, con importantes beneficios para el empleo. El proyecto prev\u00e9 una cartera de 20 nuevas RSA, repartidas entre Piamonte, Toscana, Emilia-Roma\u00f1a, Friul-Venecia Julia, V\u00e9neto, Lombard\u00eda y Cerde\u00f1a. De aqu\u00ed a 2028, el plan permitir\u00e1 gestionar un total de m\u00e1s de 10.000 camas.<\/p>\t\t\t\t\t\t\t\t<\/div>\n\t\t\t\t<\/div>\n\t\t\t\t<div class=\"elementor-element elementor-element-bfc07ae elementor-widget elementor-widget-image\" data-id=\"bfc07ae\" data-element_type=\"widget\" data-widget_type=\"image.default\">\n\t\t\t\t<div class=\"elementor-widget-container\">\n\t\t\t\t\t\t\t\t\t\t\t\t\t\t\t<img loading=\"lazy\" decoding=\"async\" width=\"1920\" height=\"1440\" src=\"https:\/\/sereniorizzonti.it\/wp-content\/uploads\/2024\/09\/la_nostra_storia_3.jpg\" class=\"attachment-full size-full wp-image-32908\" alt=\"\" srcset=\"https:\/\/sereniorizzonti.it\/wp-content\/uploads\/2024\/09\/la_nostra_storia_3.jpg 1920w, https:\/\/sereniorizzonti.it\/wp-content\/uploads\/2024\/09\/la_nostra_storia_3-300x225.jpg 300w, https:\/\/sereniorizzonti.it\/wp-content\/uploads\/2024\/09\/la_nostra_storia_3-1024x768.jpg 1024w, https:\/\/sereniorizzonti.it\/wp-content\/uploads\/2024\/09\/la_nostra_storia_3-768x576.jpg 768w, https:\/\/sereniorizzonti.it\/wp-content\/uploads\/2024\/09\/la_nostra_storia_3-1536x1152.jpg 1536w, https:\/\/sereniorizzonti.it\/wp-content\/uploads\/2024\/09\/la_nostra_storia_3-16x12.jpg 16w\" sizes=\"(max-width: 1920px) 100vw, 1920px\" \/>\t\t\t\t\t\t\t\t\t\t\t\t\t\t\t<\/div>\n\t\t\t\t<\/div>\n\t\t\t\t<div class=\"elementor-element elementor-element-61b5084 elementor-widget elementor-widget-text-editor\" data-id=\"61b5084\" data-element_type=\"widget\" data-widget_type=\"text-editor.default\">\n\t\t\t\t<div class=\"elementor-widget-container\">\n\t\t\t\t\t\t\t\t\t<p><em>Astillero Villacidro, Cerde\u00f1a<\/em><\/p>\t\t\t\t\t\t\t\t<\/div>\n\t\t\t\t<\/div>\n\t\t\t\t\t<\/div>\n\t\t<\/div>\n\t\t\t\t\t<\/div>\n\t\t<\/section>\n\t\t\t\t\t<\/div>\n\t\t<\/div>\n\t\t\t\t\t<\/div>\n\t\t<\/section>\n\t\t\t\t<\/div>","protected":false},"excerpt":{"rendered":"<p>La struttura del Gruppo La nostra storia S.O. Holding Spa \u00e8 la controllante di un gruppo di societ\u00e0 che operano principalmente nel settore dell\u2019assistenza alla persona, costruendo e gestendo Rsa, comunit\u00e0 minori e comunit\u00e0 psichiatriche con i pi\u00f9 alti standard qualitativi. Nata nel 1996 a Udine, Sereni Orizzonti 1 SpA opera non soltanto in tutta [&hellip;]<\/p>","protected":false},"author":1,"featured_media":0,"parent":0,"menu_order":0,"comment_status":"closed","ping_status":"closed","template":"page-templates\/template-full-width-page-without-header-title.php","meta":{"_acf_changed":false,"footnotes":""},"class_list":["post-29442","page","type-page","status-publish","hentry"],"acf":[],"_links":{"self":[{"href":"https:\/\/sereniorizzonti.it\/es\/wp-json\/wp\/v2\/pages\/29442","targetHints":{"allow":["GET"]}}],"collection":[{"href":"https:\/\/sereniorizzonti.it\/es\/wp-json\/wp\/v2\/pages"}],"about":[{"href":"https:\/\/sereniorizzonti.it\/es\/wp-json\/wp\/v2\/types\/page"}],"author":[{"embeddable":true,"href":"https:\/\/sereniorizzonti.it\/es\/wp-json\/wp\/v2\/users\/1"}],"replies":[{"embeddable":true,"href":"https:\/\/sereniorizzonti.it\/es\/wp-json\/wp\/v2\/comments?post=29442"}],"version-history":[{"count":10,"href":"https:\/\/sereniorizzonti.it\/es\/wp-json\/wp\/v2\/pages\/29442\/revisions"}],"predecessor-version":[{"id":41447,"href":"https:\/\/sereniorizzonti.it\/es\/wp-json\/wp\/v2\/pages\/29442\/revisions\/41447"}],"wp:attachment":[{"href":"https:\/\/sereniorizzonti.it\/es\/wp-json\/wp\/v2\/media?parent=29442"}],"curies":[{"name":"wp","href":"https:\/\/api.w.org\/{rel}","templated":true}]}}